{"id":1863,"date":"2020-02-15T17:35:38","date_gmt":"2020-02-15T17:35:38","guid":{"rendered":"https:\/\/wve.png.mybluehost.me\/website_71bd5955\/a-propos\/"},"modified":"2026-03-17T20:23:27","modified_gmt":"2026-03-17T20:23:27","slug":"a-propos","status":"publish","type":"page","link":"https:\/\/wermenlinger.com\/fr\/a-propos\/","title":{"rendered":"\u00c0 propos"},"content":{"rendered":"\n<div class=\"gb-element-a7de007e\">\n<div class=\"gb-element-df4f46a6\">\n<h1 class=\"gb-text gb-text-68acb737\">\u00c0 propos<\/h1>\n\n\n\n<div>\n<p class=\"gb-text gb-text-79c7bb31\">Je suis un preneur de son de terrain et un artiste sonore passionn\u00e9, sp\u00e9cialis\u00e9 dans la captation haute fid\u00e9lit\u00e9 d\u2019environnements naturels. Mon parcours vers ce domaine fait suite \u00e0 une vie pass\u00e9e en tant que conseiller financier, un chapitre qui a forg\u00e9 la pr\u00e9cision m\u00e9ticuleuse et la rigueur technique que j\u2019applique d\u00e9sormais au monde acoustique. Mon travail se d\u00e9finit par un engagement envers la transparence technique et la patience environnementale, garantissant que chaque enregistrement, du plus petit insecte au plus vaste orage, soit pr\u00e9serv\u00e9 avec une clart\u00e9 absolue. Bien que ma pratique repose sur une grande rigueur technique, elle demeure ultimement une d\u00e9marche artistique, port\u00e9e par la passion plut\u00f4t que par le profit.   <\/p>\n\n\n\n<p class=\"gb-text gb-text-c6efdac5\">Bas\u00e9 \u00e0 Montr\u00e9al, je voyage \u00e0 travers le monde pour enregistrer les voix d\u2019\u00e9cosyst\u00e8mes souvent ignor\u00e9s.<\/p>\n<\/div>\n\n\n\n<div class=\"gb-element-ff007676\">\n<div class=\"gb-element-8c21fe26\">\n<div>\n<img loading=\"lazy\" decoding=\"async\" width=\"1500\" height=\"2265\" class=\"gb-media-990e1d26\" alt=\"\" title=\"DSC_3598-compressed\" src=\"https:\/\/wve.png.mybluehost.me\/website_71bd5955\/wp-content\/uploads\/2026\/02\/DSC_3598-compressed.jpeg\" srcset=\"https:\/\/wermenlinger.com\/wp-content\/uploads\/2026\/02\/DSC_3598-compressed.jpeg 1500w, https:\/\/wermenlinger.com\/wp-content\/uploads\/2026\/02\/DSC_3598-compressed-199x300.jpeg 199w, https:\/\/wermenlinger.com\/wp-content\/uploads\/2026\/02\/DSC_3598-compressed-678x1024.jpeg 678w, https:\/\/wermenlinger.com\/wp-content\/uploads\/2026\/02\/DSC_3598-compressed-768x1160.jpeg 768w, https:\/\/wermenlinger.com\/wp-content\/uploads\/2026\/02\/DSC_3598-compressed-1017x1536.jpeg 1017w, https:\/\/wermenlinger.com\/wp-content\/uploads\/2026\/02\/DSC_3598-compressed-1356x2048.jpeg 1356w\" sizes=\"auto, (max-width: 1500px) 100vw, 1500px\" \/>\n<\/div>\n\n\n\n<div>\n<img loading=\"lazy\" decoding=\"async\" width=\"1500\" height=\"2265\" class=\"gb-media-09873608\" alt=\"\" title=\"DSC_3935_compressed\" src=\"https:\/\/wve.png.mybluehost.me\/website_71bd5955\/wp-content\/uploads\/2026\/02\/DSC_3935_compressed.jpeg\" srcset=\"https:\/\/wermenlinger.com\/wp-content\/uploads\/2026\/02\/DSC_3935_compressed.jpeg 1500w, https:\/\/wermenlinger.com\/wp-content\/uploads\/2026\/02\/DSC_3935_compressed-199x300.jpeg 199w, https:\/\/wermenlinger.com\/wp-content\/uploads\/2026\/02\/DSC_3935_compressed-678x1024.jpeg 678w, https:\/\/wermenlinger.com\/wp-content\/uploads\/2026\/02\/DSC_3935_compressed-768x1160.jpeg 768w, https:\/\/wermenlinger.com\/wp-content\/uploads\/2026\/02\/DSC_3935_compressed-1017x1536.jpeg 1017w, https:\/\/wermenlinger.com\/wp-content\/uploads\/2026\/02\/DSC_3935_compressed-1356x2048.jpeg 1356w\" sizes=\"auto, (max-width: 1500px) 100vw, 1500px\" \/>\n<\/div>\n<\/div>\n<\/div>\n\n\n\n<div>\n<h2 class=\"gb-text gb-text-38f5d9b8\">\u00c9couter avec intention<\/h2>\n\n\n\n<p class=\"gb-text gb-text-cd808d82\">Pour moi, le son est la mani\u00e8re la plus honn\u00eate de faire l\u2019exp\u00e9rience d\u2019un paysage. Tandis que la photographie saisit un instant de lumi\u00e8re, le son capture la vibration physique d\u2019un lieu, le v\u00e9ritable souffle d\u2019un \u00e9cosyst\u00e8me. Mon parcours en tant que preneur de son a d\u00e9but\u00e9 par une simple fascination pour les textures complexes des r\u00e9gions sauvages et recul\u00e9es, pour devenir une mission d\u00e9di\u00e9e \u00e0 l\u2019archivage du patrimoine acoustique de notre plan\u00e8te. Ce travail exige une forme de pr\u00e9sence unique ; il faut apprendre \u00e0 \u00e9couter intens\u00e9ment et avec intention, en demeurant r\u00e9ceptif \u00e0 tout ce qui survient dans l\u2019instant pr\u00e9sent. Cette \u00e9coute profonde est le fondement de ma d\u00e9marche, tant lors de la captation sur le terrain que tout au long de l\u2019\u00e9volution sonore qui en d\u00e9coule.    <\/p>\n<\/div>\n\n\n\n<div class=\"gb-element-e76f6f02\"><\/div>\n\n\n\n<div>\n<h2 class=\"gb-text gb-text-82955372\">L\u2019approche technique<\/h2>\n\n\n\n<p class=\"gb-text gb-text-08819850\">La technique n\u2019est que le point de d\u00e9part. Je traite le mat\u00e9riau sonore brut comme un m\u00e9dium vivant, lui permettant d\u2019\u00e9voluer vers des compositions sonores complexes et des installations immersives qui vont bien au-del\u00e0 de la simple prise de son de terrain. Cependant, l\u2019enregistrement en milieu sauvage pr\u00e9sente des d\u00e9fis uniques que l\u2019on ne rencontre jamais en studio. Qu\u2019il s\u2019agisse de l\u2019humidit\u00e9 extr\u00eame des tropiques ou des temp\u00e9ratures sous z\u00e9ro en montagne, j\u2019utilise un \u00e9quipement sp\u00e9cialis\u00e9 con\u00e7u pour une performance \u00e0 faible bruit de fond et une durabilit\u00e9 \u00e0 toute \u00e9preuve.   <\/p>\n\n\n\n<ul class=\"wp-block-list\">\n<li class=\"has-base-color has-text-color has-link-color wp-elements-c0b6661ac872ac6039aaa58b70e5fb07\">Enregistrement 32 bits flottant : utilisation de la technologie Sound Devices pour garantir une absence totale de saturation (clipping) et une plage dynamique maximale, m\u00eame dans les environnements les plus impr\u00e9visibles.<\/li>\n\n\n\n<li class=\"has-base-color has-text-color has-link-color wp-elements-228006a8d4165616ee6332dce5d0e4e4\">Immersion spatiale : emploi de configurations Ambisonic et Mid-Side (M\/S) pour cr\u00e9er des paysages sonores en 3D qui placent l&#8217;auditeur directement au c\u0153ur de l&#8217;habitat.<\/li>\n\n\n\n<li class=\"has-base-color has-text-color has-link-color wp-elements-12a05d4984dbc8e5e79f33f92404afcb\">Pr\u00e9cision scientifique : fourniture de fichiers audio impeccables et riches en m\u00e9tadonn\u00e9es, pr\u00eats pour la postproduction documentaire, la recherche ou les installations immersives.<\/li>\n<\/ul>\n<\/div>\n\n\n\n<div class=\"gb-element-9eb6027e\">\n<h2 class=\"gb-text gb-text-1309800c\">Mentorat et perfectionnement professionnel<\/h2>\n\n\n\n<p class=\"gb-text gb-text-93d2398e\">Ma pratique a \u00e9t\u00e9 fa\u00e7onn\u00e9e par des r\u00e9sidences immersives et des classes de ma\u00eetre aux c\u00f4t\u00e9s de figures parmi les plus influentes au monde dans le domaine de l&#8217;art sonore et de la captation de terrain. Ces exp\u00e9riences ont permis de jeter un pont entre la documentation scientifique et la composition sonore abstraite. <\/p>\n\n\n\n<h3 class=\"gb-text gb-text-264543de\">Composition cr\u00e9ative et \u00e9coute absolue<\/h3>\n\n\n\n<p class=\"gb-text gb-text-2f0c886b\">En Amazonie br\u00e9silienne, j&#8217;ai particip\u00e9 \u00e0 une r\u00e9sidence d&#8217;une semaine au Lac Marmori anim\u00e9e par <a href=\"https:\/\/www.franciscolopez.net\/index.html\" type=\"link\" id=\"https:\/\/www.franciscolopez.net\/index.html\" target=\"_blank\" rel=\"noreferrer noopener\">Francisco L\u00f3pez<\/a> et Slavek Kwi. Ce programme remettait en question les notions classiques de \u00ab field recording \u00bb pour se concentrer sur une d\u00e9marche de r\u00e9flexion critique et sur la transformation des sons environnementaux en compositions sonores autonomes, gr\u00e2ce \u00e0 une pratique d&#8217;\u00e9coute immersive et d\u00e9di\u00e9e. <\/p>\n\n\n\n<div class=\"gb-element-5ab59b58\">\n<div class=\"gb-element-97ccd204\">\n<img loading=\"lazy\" decoding=\"async\" width=\"2048\" height=\"1536\" class=\"gb-media-6eaa470d\" alt=\"\" title=\"marmori\" src=\"https:\/\/wve.png.mybluehost.me\/website_71bd5955\/wp-content\/uploads\/2026\/03\/marmori.jpeg\" srcset=\"https:\/\/wermenlinger.com\/wp-content\/uploads\/2026\/03\/marmori.jpeg 2048w, https:\/\/wermenlinger.com\/wp-content\/uploads\/2026\/03\/marmori-300x225.jpeg 300w, https:\/\/wermenlinger.com\/wp-content\/uploads\/2026\/03\/marmori-1024x768.jpeg 1024w, https:\/\/wermenlinger.com\/wp-content\/uploads\/2026\/03\/marmori-768x576.jpeg 768w, https:\/\/wermenlinger.com\/wp-content\/uploads\/2026\/03\/marmori-1536x1152.jpeg 1536w\" sizes=\"auto, (max-width: 2048px) 100vw, 2048px\" \/>\n<\/div>\n\n\n\n<div class=\"gb-element-a632bb1e\">\n<img loading=\"lazy\" decoding=\"async\" width=\"2000\" height=\"1500\" class=\"gb-media-7412c542\" src=\"https:\/\/wve.png.mybluehost.me\/website_71bd5955\/wp-content\/uploads\/2026\/03\/marmori-2-2.jpeg\" alt=\"\" title=\"marmori-2\" srcset=\"https:\/\/wermenlinger.com\/wp-content\/uploads\/2026\/03\/marmori-2-2.jpeg 2000w, https:\/\/wermenlinger.com\/wp-content\/uploads\/2026\/03\/marmori-2-2-300x225.jpeg 300w, https:\/\/wermenlinger.com\/wp-content\/uploads\/2026\/03\/marmori-2-2-1024x768.jpeg 1024w, https:\/\/wermenlinger.com\/wp-content\/uploads\/2026\/03\/marmori-2-2-768x576.jpeg 768w, https:\/\/wermenlinger.com\/wp-content\/uploads\/2026\/03\/marmori-2-2-1536x1152.jpeg 1536w\" sizes=\"auto, (max-width: 2000px) 100vw, 2000px\" \/>\n<\/div>\n<\/div>\n\n\n\n<h3 class=\"gb-text gb-text-a1795822\">Rigueur technique en milieux extr\u00eames<\/h3>\n\n\n\n<p class=\"gb-text gb-text-4eed1c6b\">Lors d&#8217;une formation r\u00e9sidentielle intensive \u00e0 Akureyri, en Islande, j&#8217;ai \u00e9tudi\u00e9 sous la direction de <a href=\"https:\/\/chriswatson.net\/\" target=\"_blank\" rel=\"noreferrer noopener\">Chris Watson<\/a> et <a href=\"https:\/\/jezrileyfrench.co.uk\/\" target=\"_blank\" rel=\"noreferrer noopener\">Jez riley French<\/a>. Ce mentorat portait sur la captation sonore haute fid\u00e9lit\u00e9 dans des paysages g\u00e9othermiques exigeants, utilisant des techniques sp\u00e9cialis\u00e9es comme les hydrophones pour les paysages sonores subaquatiques et les micros de contact pour repousser les limites de l&#8217;\u00e9quipement et de la perception. <\/p>\n\n\n\n<h3 class=\"gb-text gb-text-48a57d6d\">Documentation scientifique et savoir-faire de terrain<\/h3>\n\n\n\n<p class=\"gb-text gb-text-534670e8\">Dans le cadre du programme du Cornell Lab of Ornithology dans les montagnes du Nevada, j&#8217;ai perfectionn\u00e9 l&#8217;art et la science de l&#8217;enregistrement des sons d&#8217;oiseaux sous la direction de <a href=\"https:\/\/www.linkedin.com\/in\/gregory-budney-20a2ab9\/\" target=\"_blank\" rel=\"noreferrer noopener\">Greg Budney<\/a>. Cette formation a mis l&#8217;accent sur la documentation professionnelle de la faune, l&#8217;identification des esp\u00e8ces \u00e0 l&#8217;oreille et les techniques de terrain, camouflage et immobilit\u00e9, n\u00e9cessaires pour capter des comportements animaux non perturb\u00e9s. <\/p>\n<\/div>\n\n\n\n<div class=\"gb-element-79946edc\">\n<h2 class=\"gb-text gb-text-db14d406\">\u00c9thique de terrain<\/h2>\n\n\n\n<p class=\"gb-text gb-text-da7e7974\">Ma pr\u00e9sence sur le terrain est r\u00e9gie par la philosophie \u00ab sans trace \u00bb. Je crois que les meilleurs enregistrements naissent du respect ; en minimisant mon empreinte acoustique et en utilisant des syst\u00e8mes paraboliques longue port\u00e9e ou des unit\u00e9s d\u2019enregistrement autonomes (drop-rigs), je suis en mesure de capturer le comportement de la faune de mani\u00e8re naturelle et non perturb\u00e9e. <\/p>\n<\/div>\n<\/div>\n<\/div>\n","protected":false},"excerpt":{"rendered":"<p>\u00c0 propos Je suis un preneur de son de terrain et un artiste sonore passionn\u00e9, sp\u00e9cialis\u00e9 dans la captation haute fid\u00e9lit\u00e9 d\u2019environnements naturels. Mon parcours vers ce domaine fait suite \u00e0 une vie pass\u00e9e en tant que conseiller financier, un chapitre qui a forg\u00e9 la pr\u00e9cision m\u00e9ticuleuse et la rigueur technique que j\u2019applique d\u00e9sormais au<\/p>\n","protected":false},"author":2,"featured_media":0,"parent":0,"menu_order":0,"comment_status":"closed","ping_status":"closed","template":"","meta":{"nf_dc_page":"","footnotes":""},"class_list":["post-1863","page","type-page","status-publish"],"yoast_head":"<!-- This site is optimized with the Yoast SEO plugin v27.4 - https:\/\/yoast.com\/product\/yoast-seo-wordpress\/ -->\n<title>\u00c0 propos | Laurent Wermenlinger<\/title>\n<meta name=\"robots\" content=\"index, follow, max-snippet:-1, max-image-preview:large, max-video-preview:-1\" \/>\n<link rel=\"canonical\" href=\"https:\/\/wermenlinger.com\/fr\/a-propos\/\" \/>\n<meta property=\"og:locale\" content=\"fr_FR\" \/>\n<meta property=\"og:type\" content=\"article\" \/>\n<meta property=\"og:title\" content=\"\u00c0 propos | Laurent Wermenlinger\" \/>\n<meta property=\"og:description\" content=\"\u00c0 propos Je suis un preneur de son de terrain et un artiste sonore passionn\u00e9, sp\u00e9cialis\u00e9 dans la captation haute fid\u00e9lit\u00e9 d\u2019environnements naturels. Mon parcours vers ce domaine fait suite \u00e0 une vie pass\u00e9e en tant que conseiller financier, un chapitre qui a forg\u00e9 la pr\u00e9cision m\u00e9ticuleuse et la rigueur technique que j\u2019applique d\u00e9sormais au\" \/>\n<meta property=\"og:url\" content=\"https:\/\/wermenlinger.com\/fr\/a-propos\/\" \/>\n<meta property=\"og:site_name\" content=\"Laurent Wermenlinger\" \/>\n<meta property=\"article:modified_time\" content=\"2026-03-17T20:23:27+00:00\" \/>\n<meta property=\"og:image\" content=\"https:\/\/wve.png.mybluehost.me\/website_71bd5955\/wp-content\/uploads\/2026\/02\/DSC_3598-compressed.jpeg\" \/>\n<meta name=\"twitter:card\" content=\"summary_large_image\" \/>\n<meta name=\"twitter:label1\" content=\"Dur\u00e9e de lecture estim\u00e9e\" \/>\n\t<meta name=\"twitter:data1\" content=\"5 minutes\" \/>\n<script type=\"application\/ld+json\" class=\"yoast-schema-graph\">{\"@context\":\"https:\\\/\\\/schema.org\",\"@graph\":[{\"@type\":\"WebPage\",\"@id\":\"https:\\\/\\\/wermenlinger.com\\\/fr\\\/a-propos\\\/\",\"url\":\"https:\\\/\\\/wermenlinger.com\\\/fr\\\/a-propos\\\/\",\"name\":\"\u00c0 propos | Laurent Wermenlinger\",\"isPartOf\":{\"@id\":\"https:\\\/\\\/wermenlinger.com\\\/fr\\\/#website\"},\"primaryImageOfPage\":{\"@id\":\"https:\\\/\\\/wermenlinger.com\\\/fr\\\/a-propos\\\/#primaryimage\"},\"image\":{\"@id\":\"https:\\\/\\\/wermenlinger.com\\\/fr\\\/a-propos\\\/#primaryimage\"},\"thumbnailUrl\":\"https:\\\/\\\/wve.png.mybluehost.me\\\/website_71bd5955\\\/wp-content\\\/uploads\\\/2026\\\/02\\\/DSC_3598-compressed.jpeg\",\"datePublished\":\"2020-02-15T17:35:38+00:00\",\"dateModified\":\"2026-03-17T20:23:27+00:00\",\"breadcrumb\":{\"@id\":\"https:\\\/\\\/wermenlinger.com\\\/fr\\\/a-propos\\\/#breadcrumb\"},\"inLanguage\":\"fr-FR\",\"potentialAction\":[{\"@type\":\"ReadAction\",\"target\":[\"https:\\\/\\\/wermenlinger.com\\\/fr\\\/a-propos\\\/\"]}]},{\"@type\":\"ImageObject\",\"inLanguage\":\"fr-FR\",\"@id\":\"https:\\\/\\\/wermenlinger.com\\\/fr\\\/a-propos\\\/#primaryimage\",\"url\":\"https:\\\/\\\/wve.png.mybluehost.me\\\/website_71bd5955\\\/wp-content\\\/uploads\\\/2026\\\/02\\\/DSC_3598-compressed.jpeg\",\"contentUrl\":\"https:\\\/\\\/wve.png.mybluehost.me\\\/website_71bd5955\\\/wp-content\\\/uploads\\\/2026\\\/02\\\/DSC_3598-compressed.jpeg\"},{\"@type\":\"BreadcrumbList\",\"@id\":\"https:\\\/\\\/wermenlinger.com\\\/fr\\\/a-propos\\\/#breadcrumb\",\"itemListElement\":[{\"@type\":\"ListItem\",\"position\":1,\"name\":\"Home\",\"item\":\"https:\\\/\\\/wermenlinger.com\\\/fr\\\/\"},{\"@type\":\"ListItem\",\"position\":2,\"name\":\"\u00c0 propos\"}]},{\"@type\":\"WebSite\",\"@id\":\"https:\\\/\\\/wermenlinger.com\\\/fr\\\/#website\",\"url\":\"https:\\\/\\\/wermenlinger.com\\\/fr\\\/\",\"name\":\"Laurent Wermenlinger\",\"description\":\"Capturing the Breath of the Natural World\",\"publisher\":{\"@id\":\"https:\\\/\\\/wermenlinger.com\\\/fr\\\/#\\\/schema\\\/person\\\/a47dbc1b0000ebf01029107ca89a5feb\"},\"potentialAction\":[{\"@type\":\"SearchAction\",\"target\":{\"@type\":\"EntryPoint\",\"urlTemplate\":\"https:\\\/\\\/wermenlinger.com\\\/fr\\\/?s={search_term_string}\"},\"query-input\":{\"@type\":\"PropertyValueSpecification\",\"valueRequired\":true,\"valueName\":\"search_term_string\"}}],\"inLanguage\":\"fr-FR\"},{\"@type\":[\"Person\",\"Organization\"],\"@id\":\"https:\\\/\\\/wermenlinger.com\\\/fr\\\/#\\\/schema\\\/person\\\/a47dbc1b0000ebf01029107ca89a5feb\",\"name\":\"WERMENLINGERL2\",\"image\":{\"@type\":\"ImageObject\",\"inLanguage\":\"fr-FR\",\"@id\":\"https:\\\/\\\/wermenlinger.com\\\/wp-content\\\/uploads\\\/2026\\\/02\\\/logo-Laurent-Wermenlinger.svg\",\"url\":\"https:\\\/\\\/wermenlinger.com\\\/wp-content\\\/uploads\\\/2026\\\/02\\\/logo-Laurent-Wermenlinger.svg\",\"contentUrl\":\"https:\\\/\\\/wermenlinger.com\\\/wp-content\\\/uploads\\\/2026\\\/02\\\/logo-Laurent-Wermenlinger.svg\",\"width\":579,\"height\":53,\"caption\":\"WERMENLINGERL2\"},\"logo\":{\"@id\":\"https:\\\/\\\/wermenlinger.com\\\/wp-content\\\/uploads\\\/2026\\\/02\\\/logo-Laurent-Wermenlinger.svg\"}}]}<\/script>\n<!-- \/ Yoast SEO plugin. -->","yoast_head_json":{"title":"\u00c0 propos | Laurent Wermenlinger","robots":{"index":"index","follow":"follow","max-snippet":"max-snippet:-1","max-image-preview":"max-image-preview:large","max-video-preview":"max-video-preview:-1"},"canonical":"https:\/\/wermenlinger.com\/fr\/a-propos\/","og_locale":"fr_FR","og_type":"article","og_title":"\u00c0 propos | Laurent Wermenlinger","og_description":"\u00c0 propos Je suis un preneur de son de terrain et un artiste sonore passionn\u00e9, sp\u00e9cialis\u00e9 dans la captation haute fid\u00e9lit\u00e9 d\u2019environnements naturels. Mon parcours vers ce domaine fait suite \u00e0 une vie pass\u00e9e en tant que conseiller financier, un chapitre qui a forg\u00e9 la pr\u00e9cision m\u00e9ticuleuse et la rigueur technique que j\u2019applique d\u00e9sormais au","og_url":"https:\/\/wermenlinger.com\/fr\/a-propos\/","og_site_name":"Laurent Wermenlinger","article_modified_time":"2026-03-17T20:23:27+00:00","og_image":[{"url":"https:\/\/wve.png.mybluehost.me\/website_71bd5955\/wp-content\/uploads\/2026\/02\/DSC_3598-compressed.jpeg","type":"","width":"","height":""}],"twitter_card":"summary_large_image","twitter_misc":{"Dur\u00e9e de lecture estim\u00e9e":"5 minutes"},"schema":{"@context":"https:\/\/schema.org","@graph":[{"@type":"WebPage","@id":"https:\/\/wermenlinger.com\/fr\/a-propos\/","url":"https:\/\/wermenlinger.com\/fr\/a-propos\/","name":"\u00c0 propos | Laurent Wermenlinger","isPartOf":{"@id":"https:\/\/wermenlinger.com\/fr\/#website"},"primaryImageOfPage":{"@id":"https:\/\/wermenlinger.com\/fr\/a-propos\/#primaryimage"},"image":{"@id":"https:\/\/wermenlinger.com\/fr\/a-propos\/#primaryimage"},"thumbnailUrl":"https:\/\/wve.png.mybluehost.me\/website_71bd5955\/wp-content\/uploads\/2026\/02\/DSC_3598-compressed.jpeg","datePublished":"2020-02-15T17:35:38+00:00","dateModified":"2026-03-17T20:23:27+00:00","breadcrumb":{"@id":"https:\/\/wermenlinger.com\/fr\/a-propos\/#breadcrumb"},"inLanguage":"fr-FR","potentialAction":[{"@type":"ReadAction","target":["https:\/\/wermenlinger.com\/fr\/a-propos\/"]}]},{"@type":"ImageObject","inLanguage":"fr-FR","@id":"https:\/\/wermenlinger.com\/fr\/a-propos\/#primaryimage","url":"https:\/\/wve.png.mybluehost.me\/website_71bd5955\/wp-content\/uploads\/2026\/02\/DSC_3598-compressed.jpeg","contentUrl":"https:\/\/wve.png.mybluehost.me\/website_71bd5955\/wp-content\/uploads\/2026\/02\/DSC_3598-compressed.jpeg"},{"@type":"BreadcrumbList","@id":"https:\/\/wermenlinger.com\/fr\/a-propos\/#breadcrumb","itemListElement":[{"@type":"ListItem","position":1,"name":"Home","item":"https:\/\/wermenlinger.com\/fr\/"},{"@type":"ListItem","position":2,"name":"\u00c0 propos"}]},{"@type":"WebSite","@id":"https:\/\/wermenlinger.com\/fr\/#website","url":"https:\/\/wermenlinger.com\/fr\/","name":"Laurent Wermenlinger","description":"Capturing the Breath of the Natural World","publisher":{"@id":"https:\/\/wermenlinger.com\/fr\/#\/schema\/person\/a47dbc1b0000ebf01029107ca89a5feb"},"potentialAction":[{"@type":"SearchAction","target":{"@type":"EntryPoint","urlTemplate":"https:\/\/wermenlinger.com\/fr\/?s={search_term_string}"},"query-input":{"@type":"PropertyValueSpecification","valueRequired":true,"valueName":"search_term_string"}}],"inLanguage":"fr-FR"},{"@type":["Person","Organization"],"@id":"https:\/\/wermenlinger.com\/fr\/#\/schema\/person\/a47dbc1b0000ebf01029107ca89a5feb","name":"WERMENLINGERL2","image":{"@type":"ImageObject","inLanguage":"fr-FR","@id":"https:\/\/wermenlinger.com\/wp-content\/uploads\/2026\/02\/logo-Laurent-Wermenlinger.svg","url":"https:\/\/wermenlinger.com\/wp-content\/uploads\/2026\/02\/logo-Laurent-Wermenlinger.svg","contentUrl":"https:\/\/wermenlinger.com\/wp-content\/uploads\/2026\/02\/logo-Laurent-Wermenlinger.svg","width":579,"height":53,"caption":"WERMENLINGERL2"},"logo":{"@id":"https:\/\/wermenlinger.com\/wp-content\/uploads\/2026\/02\/logo-Laurent-Wermenlinger.svg"}}]}},"_links":{"self":[{"href":"https:\/\/wermenlinger.com\/fr\/wp-json\/wp\/v2\/pages\/1863","targetHints":{"allow":["GET"]}}],"collection":[{"href":"https:\/\/wermenlinger.com\/fr\/wp-json\/wp\/v2\/pages"}],"about":[{"href":"https:\/\/wermenlinger.com\/fr\/wp-json\/wp\/v2\/types\/page"}],"author":[{"embeddable":true,"href":"https:\/\/wermenlinger.com\/fr\/wp-json\/wp\/v2\/users\/2"}],"replies":[{"embeddable":true,"href":"https:\/\/wermenlinger.com\/fr\/wp-json\/wp\/v2\/comments?post=1863"}],"version-history":[{"count":20,"href":"https:\/\/wermenlinger.com\/fr\/wp-json\/wp\/v2\/pages\/1863\/revisions"}],"predecessor-version":[{"id":2429,"href":"https:\/\/wermenlinger.com\/fr\/wp-json\/wp\/v2\/pages\/1863\/revisions\/2429"}],"wp:attachment":[{"href":"https:\/\/wermenlinger.com\/fr\/wp-json\/wp\/v2\/media?parent=1863"}],"curies":[{"name":"wp","href":"https:\/\/api.w.org\/{rel}","templated":true}]}}