{"id":1903,"date":"2020-02-13T13:18:01","date_gmt":"2020-02-13T13:18:01","guid":{"rendered":"https:\/\/wve.png.mybluehost.me\/website_71bd5955\/realisations\/"},"modified":"2026-03-11T18:41:49","modified_gmt":"2026-03-11T18:41:49","slug":"realisations","status":"publish","type":"page","link":"https:\/\/wermenlinger.com\/fr\/realisations\/","title":{"rendered":"R\u00e9alisations"},"content":{"rendered":"\n<div class=\"gb-element-851dbbf7\">\n<h1 class=\"gb-text gb-text-2083dc3f\">R\u00e9alisations<\/h1>\n\n\n\n<div class=\"gb-query-60237553\"><div class=\"gb-looper-d8cf7c3a\">\n<div class=\"gb-loop-item post-2368 post type-post status-publish format-standard has-post-thumbnail hentry category-audio tag-28\">\n<div class=\"wp-block-columns is-layout-flex wp-container-core-columns-is-layout-9d6595d7 wp-block-columns-is-layout-flex\">\n<div class=\"wp-block-column is-layout-flow wp-block-column-is-layout-flow\" style=\"flex-basis:50%\">\n<div class=\"gb-element-4e403040\">\n<img loading=\"lazy\" decoding=\"async\" width=\"1024\" height=\"759\" data-media-id=\"2367\" class=\"gb-media-5325dd2a\" alt=\"\" src=\"https:\/\/wermenlinger.com\/wp-content\/uploads\/2026\/03\/crooked-trees-1024x759.jpeg\" srcset=\"https:\/\/wermenlinger.com\/wp-content\/uploads\/2026\/03\/crooked-trees-1024x759.jpeg 1024w, https:\/\/wermenlinger.com\/wp-content\/uploads\/2026\/03\/crooked-trees-300x222.jpeg 300w, https:\/\/wermenlinger.com\/wp-content\/uploads\/2026\/03\/crooked-trees-768x569.jpeg 768w, https:\/\/wermenlinger.com\/wp-content\/uploads\/2026\/03\/crooked-trees-1536x1138.jpeg 1536w, https:\/\/wermenlinger.com\/wp-content\/uploads\/2026\/03\/crooked-trees.jpeg 1664w\" sizes=\"auto, (max-width: 1024px) 100vw, 1024px\" \/>\n<\/div>\n<\/div>\n\n\n\n<div class=\"wp-block-column is-layout-flow wp-block-column-is-layout-flow\" style=\"flex-basis:50%\">\n<div class=\"wp-block-group is-vertical is-layout-flex wp-container-core-group-is-layout-8cf370e7 wp-block-group-is-layout-flex\"><div class=\"taxonomy-post_tag wp-block-post-terms\"><a href=\"https:\/\/wermenlinger.com\/fr\/tag\/2025\/\" rel=\"tag\">2025<\/a><\/div>\n\n\n<h3 class=\"gb-text gb-text-bfd68f16\"><a href=\"https:\/\/wermenlinger.com\/fr\/audio-immersif-adaptatif\/\">Audio immersif adaptatif<\/a><\/h3>\n\n\n\n<p class=\"gb-text gb-text-dac396aa\">Des for\u00eats du mont Gosford aux sanctuaires d&#8217;oiseaux du Belize, cette collaboration met en \u0153uvre la technologie Eclipsa Audio pour illustrer l&#8217;avenir du son immersif. Un voyage \u00e0 360 degr\u00e9s qui s&#8217;adapte \u00e0 votre configuration pour offrir des atmosph\u00e8res cin\u00e9matographiques. <\/p>\n\n\n\n<p class=\"gb-text-0c637098\"><span class=\"gb-text\"><a href=\"https:\/\/wermenlinger.com\/fr\/audio-immersif-adaptatif\/\">Lire la suite<\/a><\/span><span class=\"gb-shape\"><svg xmlns=\"http:\/\/www.w3.org\/2000\/svg\" width=\"24\" height=\"24\" fill=\"none\" viewBox=\"0 0 24 24\"><path fill=\"#344d41\" d=\"m15 5-1.41 1.41L18.17 11H2v2h16.17l-4.59 4.59L15 19l7-7z\"><\/path><\/svg><\/span><\/p>\n<\/div>\n<\/div>\n<\/div>\n<\/div>\n\n<div class=\"gb-loop-item post-1913 post type-post status-publish format-standard has-post-thumbnail hentry category-audio tag-22\">\n<div class=\"wp-block-columns is-layout-flex wp-container-core-columns-is-layout-9d6595d7 wp-block-columns-is-layout-flex\">\n<div class=\"wp-block-column is-layout-flow wp-block-column-is-layout-flow\" style=\"flex-basis:50%\">\n<div class=\"gb-element-4e403040\">\n<img loading=\"lazy\" decoding=\"async\" width=\"1024\" height=\"768\" data-media-id=\"1912\" class=\"gb-media-5325dd2a\" alt=\"\" src=\"https:\/\/wermenlinger.com\/wp-content\/uploads\/2026\/03\/DOM-212-1024x768.jpg\" srcset=\"https:\/\/wermenlinger.com\/wp-content\/uploads\/2026\/03\/DOM-212-1024x768.jpg 1024w, https:\/\/wermenlinger.com\/wp-content\/uploads\/2026\/03\/DOM-212-300x225.jpg 300w, https:\/\/wermenlinger.com\/wp-content\/uploads\/2026\/03\/DOM-212-768x576.jpg 768w, https:\/\/wermenlinger.com\/wp-content\/uploads\/2026\/03\/DOM-212-1536x1152.jpg 1536w, https:\/\/wermenlinger.com\/wp-content\/uploads\/2026\/03\/DOM-212.jpg 2000w\" sizes=\"auto, (max-width: 1024px) 100vw, 1024px\" \/>\n<\/div>\n<\/div>\n\n\n\n<div class=\"wp-block-column is-layout-flow wp-block-column-is-layout-flow\" style=\"flex-basis:50%\">\n<div class=\"wp-block-group is-vertical is-layout-flex wp-container-core-group-is-layout-8cf370e7 wp-block-group-is-layout-flex\"><div class=\"taxonomy-post_tag wp-block-post-terms\"><a href=\"https:\/\/wermenlinger.com\/fr\/tag\/2021\/\" rel=\"tag\">2021<\/a><\/div>\n\n\n<h3 class=\"gb-text gb-text-bfd68f16\"><a href=\"https:\/\/wermenlinger.com\/fr\/intervalles-ultimes\/\">Intervalles ultimes<\/a><\/h3>\n\n\n\n<p class=\"gb-text gb-text-dac396aa\">Des for\u00eats inond\u00e9es du Panama aux \u00eeles submerg\u00e9es des San Blas, cette \u00e9tude de trois ans capture le patrimoine acoustique de paysages en transition. Un voyage \u00e0 travers de flamboyants concerts aviaires et les silences profonds et vivants qui d\u00e9finissent l&#8217;\u00e2me de l&#8217;Am\u00e9rique latine. <\/p>\n\n\n\n<p class=\"gb-text-0c637098\"><span class=\"gb-text\"><a href=\"https:\/\/wermenlinger.com\/fr\/intervalles-ultimes\/\">Lire la suite<\/a><\/span><span class=\"gb-shape\"><svg xmlns=\"http:\/\/www.w3.org\/2000\/svg\" width=\"24\" height=\"24\" fill=\"none\" viewBox=\"0 0 24 24\"><path fill=\"#344d41\" d=\"m15 5-1.41 1.41L18.17 11H2v2h16.17l-4.59 4.59L15 19l7-7z\"><\/path><\/svg><\/span><\/p>\n<\/div>\n<\/div>\n<\/div>\n<\/div>\n\n<div class=\"gb-loop-item post-1967 post type-post status-publish format-standard has-post-thumbnail hentry category-audio tag-25\">\n<div class=\"wp-block-columns is-layout-flex wp-container-core-columns-is-layout-9d6595d7 wp-block-columns-is-layout-flex\">\n<div class=\"wp-block-column is-layout-flow wp-block-column-is-layout-flow\" style=\"flex-basis:50%\">\n<div class=\"gb-element-4e403040\">\n<img loading=\"lazy\" decoding=\"async\" width=\"1024\" height=\"683\" data-media-id=\"2125\" class=\"gb-media-5325dd2a\" alt=\"\" src=\"https:\/\/wermenlinger.com\/wp-content\/uploads\/2026\/03\/mingan-archipelago-national-park-2-1024x683.jpeg\" srcset=\"https:\/\/wermenlinger.com\/wp-content\/uploads\/2026\/03\/mingan-archipelago-national-park-2-1024x683.jpeg 1024w, https:\/\/wermenlinger.com\/wp-content\/uploads\/2026\/03\/mingan-archipelago-national-park-2-300x200.jpeg 300w, https:\/\/wermenlinger.com\/wp-content\/uploads\/2026\/03\/mingan-archipelago-national-park-2-768x512.jpeg 768w, https:\/\/wermenlinger.com\/wp-content\/uploads\/2026\/03\/mingan-archipelago-national-park-2-1536x1025.jpeg 1536w, https:\/\/wermenlinger.com\/wp-content\/uploads\/2026\/03\/mingan-archipelago-national-park-2.jpeg 2000w\" sizes=\"auto, (max-width: 1024px) 100vw, 1024px\" \/>\n<\/div>\n<\/div>\n\n\n\n<div class=\"wp-block-column is-layout-flow wp-block-column-is-layout-flow\" style=\"flex-basis:50%\">\n<div class=\"wp-block-group is-vertical is-layout-flex wp-container-core-group-is-layout-8cf370e7 wp-block-group-is-layout-flex\"><div class=\"taxonomy-post_tag wp-block-post-terms\"><a href=\"https:\/\/wermenlinger.com\/fr\/tag\/2020\/\" rel=\"tag\">2020<\/a><\/div>\n\n\n<h3 class=\"gb-text gb-text-bfd68f16\"><a href=\"https:\/\/wermenlinger.com\/fr\/archipel-de-mingan\/\">Archipel de Mingan<\/a><\/h3>\n\n\n\n<p class=\"gb-text gb-text-dac396aa\">Une occasion rare de documenter par le son les \u00eeles prot\u00e9g\u00e9es de l\u2019archipel de Mingan. Des textures aviaires denses de l\u2019\u00eele aux Perroquets aux vocalisations envo\u00fbtantes des colonies de phoques, ce projet capture pour Parcs Canada l\u2019esprit brut du golfe du Saint-Laurent. <\/p>\n\n\n\n<p class=\"gb-text-0c637098\"><span class=\"gb-text\"><a href=\"https:\/\/wermenlinger.com\/fr\/archipel-de-mingan\/\">Lire la suite<\/a><\/span><span class=\"gb-shape\"><svg xmlns=\"http:\/\/www.w3.org\/2000\/svg\" width=\"24\" height=\"24\" fill=\"none\" viewBox=\"0 0 24 24\"><path fill=\"#344d41\" d=\"m15 5-1.41 1.41L18.17 11H2v2h16.17l-4.59 4.59L15 19l7-7z\"><\/path><\/svg><\/span><\/p>\n<\/div>\n<\/div>\n<\/div>\n<\/div>\n\n<div class=\"gb-loop-item post-1955 post type-post status-publish format-standard has-post-thumbnail hentry category-audio tag-23\">\n<div class=\"wp-block-columns is-layout-flex wp-container-core-columns-is-layout-9d6595d7 wp-block-columns-is-layout-flex\">\n<div class=\"wp-block-column is-layout-flow wp-block-column-is-layout-flow\" style=\"flex-basis:50%\">\n<div class=\"gb-element-4e403040\">\n<img loading=\"lazy\" decoding=\"async\" width=\"1024\" height=\"678\" data-media-id=\"2008\" class=\"gb-media-5325dd2a\" alt=\"\" src=\"https:\/\/wermenlinger.com\/wp-content\/uploads\/2020\/02\/St-L-1024x678.jpg\" srcset=\"https:\/\/wermenlinger.com\/wp-content\/uploads\/2020\/02\/St-L-1024x678.jpg 1024w, https:\/\/wermenlinger.com\/wp-content\/uploads\/2020\/02\/St-L-300x199.jpg 300w, https:\/\/wermenlinger.com\/wp-content\/uploads\/2020\/02\/St-L-768x509.jpg 768w, https:\/\/wermenlinger.com\/wp-content\/uploads\/2020\/02\/St-L-1536x1018.jpg 1536w, https:\/\/wermenlinger.com\/wp-content\/uploads\/2020\/02\/St-L.jpg 2000w\" sizes=\"auto, (max-width: 1024px) 100vw, 1024px\" \/>\n<\/div>\n<\/div>\n\n\n\n<div class=\"wp-block-column is-layout-flow wp-block-column-is-layout-flow\" style=\"flex-basis:50%\">\n<div class=\"wp-block-group is-vertical is-layout-flex wp-container-core-group-is-layout-8cf370e7 wp-block-group-is-layout-flex\"><div class=\"taxonomy-post_tag wp-block-post-terms\"><a href=\"https:\/\/wermenlinger.com\/fr\/tag\/2019\/\" rel=\"tag\">2019<\/a><\/div>\n\n\n<h3 class=\"gb-text gb-text-bfd68f16\"><a href=\"https:\/\/wermenlinger.com\/fr\/resonnance\/\">R\u00e9sonnance<\/a><\/h3>\n\n\n\n<p class=\"gb-text gb-text-dac396aa\">\u00ab De l\u2019eau, c\u2019est de l\u2019eau \u00bb, m\u2019a-t-on dit un jour. Mais comment \u00e9couter v\u00e9ritablement un fleuve de 1 197 km ? Ce projet immersif de quatre ans parcourt le Saint-Laurent, utilisant une \u00e9coute intentionnelle pour capturer l\u2019\u00e2me d\u2019un \u00e9cosyst\u00e8me qui d\u00e9finit notre m\u00e9moire collective.  <\/p>\n\n\n\n<p class=\"gb-text-0c637098\"><span class=\"gb-text\"><a href=\"https:\/\/wermenlinger.com\/fr\/resonnance\/\">Lire la suite<\/a><\/span><span class=\"gb-shape\"><svg xmlns=\"http:\/\/www.w3.org\/2000\/svg\" width=\"24\" height=\"24\" fill=\"none\" viewBox=\"0 0 24 24\"><path fill=\"#344d41\" d=\"m15 5-1.41 1.41L18.17 11H2v2h16.17l-4.59 4.59L15 19l7-7z\"><\/path><\/svg><\/span><\/p>\n<\/div>\n<\/div>\n<\/div>\n<\/div>\n\n<div class=\"gb-loop-item post-1964 post type-post status-publish format-standard has-post-thumbnail hentry category-audio tag-24\">\n<div class=\"wp-block-columns is-layout-flex wp-container-core-columns-is-layout-9d6595d7 wp-block-columns-is-layout-flex\">\n<div class=\"wp-block-column is-layout-flow wp-block-column-is-layout-flow\" style=\"flex-basis:50%\">\n<div class=\"gb-element-4e403040\">\n<img loading=\"lazy\" decoding=\"async\" width=\"1024\" height=\"661\" data-media-id=\"1963\" class=\"gb-media-5325dd2a\" alt=\"\" src=\"https:\/\/wermenlinger.com\/wp-content\/uploads\/2020\/02\/folle-viree-gourmande-1024x661.jpg\" srcset=\"https:\/\/wermenlinger.com\/wp-content\/uploads\/2020\/02\/folle-viree-gourmande-1024x661.jpg 1024w, https:\/\/wermenlinger.com\/wp-content\/uploads\/2020\/02\/folle-viree-gourmande-300x194.jpg 300w, https:\/\/wermenlinger.com\/wp-content\/uploads\/2020\/02\/folle-viree-gourmande-768x495.jpg 768w, https:\/\/wermenlinger.com\/wp-content\/uploads\/2020\/02\/folle-viree-gourmande-1536x991.jpg 1536w, https:\/\/wermenlinger.com\/wp-content\/uploads\/2020\/02\/folle-viree-gourmande-2048x1321.jpg 2048w\" sizes=\"auto, (max-width: 1024px) 100vw, 1024px\" \/>\n<\/div>\n<\/div>\n\n\n\n<div class=\"wp-block-column is-layout-flow wp-block-column-is-layout-flow\" style=\"flex-basis:50%\">\n<div class=\"wp-block-group is-vertical is-layout-flex wp-container-core-group-is-layout-8cf370e7 wp-block-group-is-layout-flex\"><div class=\"taxonomy-post_tag wp-block-post-terms\"><a href=\"https:\/\/wermenlinger.com\/fr\/tag\/2018\/\" rel=\"tag\">2018<\/a><\/div>\n\n\n<h3 class=\"gb-text gb-text-bfd68f16\"><a href=\"https:\/\/wermenlinger.com\/fr\/folle-viree-gourmande\/\">Folle vir\u00e9e gourmande<\/a><\/h3>\n\n\n\n<p class=\"gb-text gb-text-dac396aa\">Une rencontre fortuite aux \u00celes de la Madeleine a donn\u00e9 naissance \u00e0 un d\u00e9fi multisensoriel ambitieux. En seulement six jours, un univers sonore d&#8217;une heure compl\u00e8te a \u00e9t\u00e9 enregistr\u00e9, compos\u00e9 et install\u00e9 dans un restaurant \u00e0 trois zones, afin de sublimer l&#8217;exp\u00e9rience culinaire par une immersion sonore profonde. <\/p>\n\n\n\n<p class=\"gb-text-0c637098\"><span class=\"gb-text\"><a href=\"https:\/\/wermenlinger.com\/fr\/folle-viree-gourmande\/\">Lire la suite<\/a><\/span><span class=\"gb-shape\"><svg xmlns=\"http:\/\/www.w3.org\/2000\/svg\" width=\"24\" height=\"24\" fill=\"none\" viewBox=\"0 0 24 24\"><path fill=\"#344d41\" d=\"m15 5-1.41 1.41L18.17 11H2v2h16.17l-4.59 4.59L15 19l7-7z\"><\/path><\/svg><\/span><\/p>\n<\/div>\n<\/div>\n<\/div>\n<\/div>\n<\/div>\n\n\n<div class=\"gb-element-b5cb53ab gb-query-loop-pagination\">\n\n\n\n<\/div>\n\n\n<\/div>\n<\/div>\n","protected":false},"excerpt":{"rendered":"<p>R\u00e9alisations<\/p>\n","protected":false},"author":2,"featured_media":0,"parent":0,"menu_order":0,"comment_status":"closed","ping_status":"closed","template":"","meta":{"nf_dc_page":"","footnotes":""},"class_list":["post-1903","page","type-page","status-publish"],"yoast_head":"<!-- This site is optimized with the Yoast SEO plugin v27.4 - https:\/\/yoast.com\/product\/yoast-seo-wordpress\/ -->\n<title>R\u00e9alisations | Laurent Wermenlinger<\/title>\n<meta name=\"robots\" content=\"index, follow, max-snippet:-1, max-image-preview:large, max-video-preview:-1\" \/>\n<link rel=\"canonical\" href=\"https:\/\/wermenlinger.com\/fr\/realisations\/\" \/>\n<meta property=\"og:locale\" content=\"fr_FR\" \/>\n<meta property=\"og:type\" content=\"article\" \/>\n<meta property=\"og:title\" content=\"R\u00e9alisations | Laurent Wermenlinger\" \/>\n<meta property=\"og:description\" content=\"R\u00e9alisations\" \/>\n<meta property=\"og:url\" content=\"https:\/\/wermenlinger.com\/fr\/realisations\/\" \/>\n<meta property=\"og:site_name\" content=\"Laurent Wermenlinger\" \/>\n<meta property=\"article:modified_time\" content=\"2026-03-11T18:41:49+00:00\" \/>\n<meta property=\"og:image\" content=\"https:\/\/wermenlinger.com\/wp-content\/uploads\/2026\/02\/DSF1455.jpeg\" \/>\n\t<meta property=\"og:image:width\" content=\"2000\" \/>\n\t<meta property=\"og:image:height\" content=\"1333\" \/>\n\t<meta property=\"og:image:type\" content=\"image\/jpeg\" \/>\n<meta name=\"twitter:card\" content=\"summary_large_image\" \/>\n<meta name=\"twitter:label1\" content=\"Dur\u00e9e de lecture estim\u00e9e\" \/>\n\t<meta name=\"twitter:data1\" content=\"1 minute\" \/>\n<script type=\"application\/ld+json\" class=\"yoast-schema-graph\">{\"@context\":\"https:\\\/\\\/schema.org\",\"@graph\":[{\"@type\":\"WebPage\",\"@id\":\"https:\\\/\\\/wermenlinger.com\\\/fr\\\/realisations\\\/\",\"url\":\"https:\\\/\\\/wermenlinger.com\\\/fr\\\/realisations\\\/\",\"name\":\"R\u00e9alisations | Laurent Wermenlinger\",\"isPartOf\":{\"@id\":\"https:\\\/\\\/wermenlinger.com\\\/fr\\\/#website\"},\"datePublished\":\"2020-02-13T13:18:01+00:00\",\"dateModified\":\"2026-03-11T18:41:49+00:00\",\"breadcrumb\":{\"@id\":\"https:\\\/\\\/wermenlinger.com\\\/fr\\\/realisations\\\/#breadcrumb\"},\"inLanguage\":\"fr-FR\",\"potentialAction\":[{\"@type\":\"ReadAction\",\"target\":[\"https:\\\/\\\/wermenlinger.com\\\/fr\\\/realisations\\\/\"]}]},{\"@type\":\"BreadcrumbList\",\"@id\":\"https:\\\/\\\/wermenlinger.com\\\/fr\\\/realisations\\\/#breadcrumb\",\"itemListElement\":[{\"@type\":\"ListItem\",\"position\":1,\"name\":\"Home\",\"item\":\"https:\\\/\\\/wermenlinger.com\\\/fr\\\/\"},{\"@type\":\"ListItem\",\"position\":2,\"name\":\"R\u00e9alisations\"}]},{\"@type\":\"WebSite\",\"@id\":\"https:\\\/\\\/wermenlinger.com\\\/fr\\\/#website\",\"url\":\"https:\\\/\\\/wermenlinger.com\\\/fr\\\/\",\"name\":\"Laurent Wermenlinger\",\"description\":\"Capturing the Breath of the Natural World\",\"publisher\":{\"@id\":\"https:\\\/\\\/wermenlinger.com\\\/fr\\\/#\\\/schema\\\/person\\\/a47dbc1b0000ebf01029107ca89a5feb\"},\"potentialAction\":[{\"@type\":\"SearchAction\",\"target\":{\"@type\":\"EntryPoint\",\"urlTemplate\":\"https:\\\/\\\/wermenlinger.com\\\/fr\\\/?s={search_term_string}\"},\"query-input\":{\"@type\":\"PropertyValueSpecification\",\"valueRequired\":true,\"valueName\":\"search_term_string\"}}],\"inLanguage\":\"fr-FR\"},{\"@type\":[\"Person\",\"Organization\"],\"@id\":\"https:\\\/\\\/wermenlinger.com\\\/fr\\\/#\\\/schema\\\/person\\\/a47dbc1b0000ebf01029107ca89a5feb\",\"name\":\"WERMENLINGERL2\",\"image\":{\"@type\":\"ImageObject\",\"inLanguage\":\"fr-FR\",\"@id\":\"https:\\\/\\\/wermenlinger.com\\\/wp-content\\\/uploads\\\/2026\\\/02\\\/logo-Laurent-Wermenlinger.svg\",\"url\":\"https:\\\/\\\/wermenlinger.com\\\/wp-content\\\/uploads\\\/2026\\\/02\\\/logo-Laurent-Wermenlinger.svg\",\"contentUrl\":\"https:\\\/\\\/wermenlinger.com\\\/wp-content\\\/uploads\\\/2026\\\/02\\\/logo-Laurent-Wermenlinger.svg\",\"width\":579,\"height\":53,\"caption\":\"WERMENLINGERL2\"},\"logo\":{\"@id\":\"https:\\\/\\\/wermenlinger.com\\\/wp-content\\\/uploads\\\/2026\\\/02\\\/logo-Laurent-Wermenlinger.svg\"}}]}<\/script>\n<!-- \/ Yoast SEO plugin. -->","yoast_head_json":{"title":"R\u00e9alisations | Laurent Wermenlinger","robots":{"index":"index","follow":"follow","max-snippet":"max-snippet:-1","max-image-preview":"max-image-preview:large","max-video-preview":"max-video-preview:-1"},"canonical":"https:\/\/wermenlinger.com\/fr\/realisations\/","og_locale":"fr_FR","og_type":"article","og_title":"R\u00e9alisations | Laurent Wermenlinger","og_description":"R\u00e9alisations","og_url":"https:\/\/wermenlinger.com\/fr\/realisations\/","og_site_name":"Laurent Wermenlinger","article_modified_time":"2026-03-11T18:41:49+00:00","og_image":[{"width":2000,"height":1333,"url":"https:\/\/wermenlinger.com\/wp-content\/uploads\/2026\/02\/DSF1455.jpeg","type":"image\/jpeg"}],"twitter_card":"summary_large_image","twitter_misc":{"Dur\u00e9e de lecture estim\u00e9e":"1 minute"},"schema":{"@context":"https:\/\/schema.org","@graph":[{"@type":"WebPage","@id":"https:\/\/wermenlinger.com\/fr\/realisations\/","url":"https:\/\/wermenlinger.com\/fr\/realisations\/","name":"R\u00e9alisations | Laurent Wermenlinger","isPartOf":{"@id":"https:\/\/wermenlinger.com\/fr\/#website"},"datePublished":"2020-02-13T13:18:01+00:00","dateModified":"2026-03-11T18:41:49+00:00","breadcrumb":{"@id":"https:\/\/wermenlinger.com\/fr\/realisations\/#breadcrumb"},"inLanguage":"fr-FR","potentialAction":[{"@type":"ReadAction","target":["https:\/\/wermenlinger.com\/fr\/realisations\/"]}]},{"@type":"BreadcrumbList","@id":"https:\/\/wermenlinger.com\/fr\/realisations\/#breadcrumb","itemListElement":[{"@type":"ListItem","position":1,"name":"Home","item":"https:\/\/wermenlinger.com\/fr\/"},{"@type":"ListItem","position":2,"name":"R\u00e9alisations"}]},{"@type":"WebSite","@id":"https:\/\/wermenlinger.com\/fr\/#website","url":"https:\/\/wermenlinger.com\/fr\/","name":"Laurent Wermenlinger","description":"Capturing the Breath of the Natural World","publisher":{"@id":"https:\/\/wermenlinger.com\/fr\/#\/schema\/person\/a47dbc1b0000ebf01029107ca89a5feb"},"potentialAction":[{"@type":"SearchAction","target":{"@type":"EntryPoint","urlTemplate":"https:\/\/wermenlinger.com\/fr\/?s={search_term_string}"},"query-input":{"@type":"PropertyValueSpecification","valueRequired":true,"valueName":"search_term_string"}}],"inLanguage":"fr-FR"},{"@type":["Person","Organization"],"@id":"https:\/\/wermenlinger.com\/fr\/#\/schema\/person\/a47dbc1b0000ebf01029107ca89a5feb","name":"WERMENLINGERL2","image":{"@type":"ImageObject","inLanguage":"fr-FR","@id":"https:\/\/wermenlinger.com\/wp-content\/uploads\/2026\/02\/logo-Laurent-Wermenlinger.svg","url":"https:\/\/wermenlinger.com\/wp-content\/uploads\/2026\/02\/logo-Laurent-Wermenlinger.svg","contentUrl":"https:\/\/wermenlinger.com\/wp-content\/uploads\/2026\/02\/logo-Laurent-Wermenlinger.svg","width":579,"height":53,"caption":"WERMENLINGERL2"},"logo":{"@id":"https:\/\/wermenlinger.com\/wp-content\/uploads\/2026\/02\/logo-Laurent-Wermenlinger.svg"}}]}},"_links":{"self":[{"href":"https:\/\/wermenlinger.com\/fr\/wp-json\/wp\/v2\/pages\/1903","targetHints":{"allow":["GET"]}}],"collection":[{"href":"https:\/\/wermenlinger.com\/fr\/wp-json\/wp\/v2\/pages"}],"about":[{"href":"https:\/\/wermenlinger.com\/fr\/wp-json\/wp\/v2\/types\/page"}],"author":[{"embeddable":true,"href":"https:\/\/wermenlinger.com\/fr\/wp-json\/wp\/v2\/users\/2"}],"replies":[{"embeddable":true,"href":"https:\/\/wermenlinger.com\/fr\/wp-json\/wp\/v2\/comments?post=1903"}],"version-history":[{"count":20,"href":"https:\/\/wermenlinger.com\/fr\/wp-json\/wp\/v2\/pages\/1903\/revisions"}],"predecessor-version":[{"id":2098,"href":"https:\/\/wermenlinger.com\/fr\/wp-json\/wp\/v2\/pages\/1903\/revisions\/2098"}],"wp:attachment":[{"href":"https:\/\/wermenlinger.com\/fr\/wp-json\/wp\/v2\/media?parent=1903"}],"curies":[{"name":"wp","href":"https:\/\/api.w.org\/{rel}","templated":true}]}}