{"id":1908,"date":"2020-02-15T19:01:47","date_gmt":"2020-02-15T19:01:47","guid":{"rendered":"https:\/\/wve.png.mybluehost.me\/website_71bd5955\/contact\/"},"modified":"2026-03-17T20:19:25","modified_gmt":"2026-03-17T20:19:25","slug":"contact","status":"publish","type":"page","link":"https:\/\/wermenlinger.com\/fr\/contact\/","title":{"rendered":"Contact"},"content":{"rendered":"\n<div class=\"gb-element-bc6deb57\">\n<div class=\"gb-element-2e09558e\">\n<h1 class=\"gb-text\">Contact<\/h1>\n\n\n\n<p class=\"gb-text gb-text-bc65f54e\">Que vous soyez \u00e0 la recherche d\u2019un enregistrement d\u2019esp\u00e8ce pr\u00e9cis, que vous ayez besoin d\u2019un paysage sonore immersif pour un documentaire ou que vous souhaitiez discuter de cr\u00e9ation sonore, je suis \u00e0 votre \u00e9coute.<\/p>\n\n\n\n<p class=\"gb-text-578e4f0a\"><span class=\"gb-shape\"><svg xmlns=\"http:\/\/www.w3.org\/2000\/svg\" viewBox=\"0 0 512 512\" width=\"1em\" height=\"1em\" aria-hidden=\"true\"><path d=\"M464 64H48C21.49 64 0 85.49 0 112v288c0 26.51 21.49 48 48 48h416c26.51 0 48-21.49 48-48V112c0-26.51-21.49-48-48-48zm0 48v40.805c-22.422 18.259-58.168 46.651-134.587 106.49-16.841 13.247-50.201 45.072-73.413 44.701-23.208.375-56.579-31.459-73.413-44.701C106.18 199.465 70.425 171.067 48 152.805V112h416zM48 400V214.398c22.914 18.251 55.409 43.862 104.938 82.646 21.857 17.205 60.134 55.186 103.062 54.955 42.717.231 80.509-37.199 103.053-54.947 49.528-38.783 82.032-64.401 104.947-82.653V400H48z\" fill=\"currentColor\"><\/path><\/svg><\/span><span class=\"gb-text\"><strong>Courriel<\/strong><\/span><\/p>\n\n\n\n<p class=\"gb-text gb-text-5f852134\"><a href=\"mailto:wermenlingerl2@hotmail.com\">wermenlingerl2@hotmail.com<\/a><\/p>\n<\/div>\n<\/div>\n","protected":false},"excerpt":{"rendered":"<p>Contact Que vous soyez \u00e0 la recherche d\u2019un enregistrement d\u2019esp\u00e8ce pr\u00e9cis, que vous ayez besoin d\u2019un paysage sonore immersif pour un documentaire ou que vous souhaitiez discuter de cr\u00e9ation sonore, je suis \u00e0 votre \u00e9coute. Courriel wermenlingerl2@hotmail.com<\/p>\n","protected":false},"author":2,"featured_media":0,"parent":0,"menu_order":0,"comment_status":"closed","ping_status":"closed","template":"","meta":{"nf_dc_page":"","footnotes":""},"class_list":["post-1908","page","type-page","status-publish"],"yoast_head":"<!-- This site is optimized with the Yoast SEO plugin v27.4 - https:\/\/yoast.com\/product\/yoast-seo-wordpress\/ -->\n<title>Contact | Laurent Wermenlinger<\/title>\n<meta name=\"robots\" content=\"index, follow, max-snippet:-1, max-image-preview:large, max-video-preview:-1\" \/>\n<link rel=\"canonical\" href=\"https:\/\/wermenlinger.com\/fr\/contact\/\" \/>\n<meta property=\"og:locale\" content=\"fr_FR\" \/>\n<meta property=\"og:type\" content=\"article\" \/>\n<meta property=\"og:title\" content=\"Contact | Laurent Wermenlinger\" \/>\n<meta property=\"og:description\" content=\"Contact Que vous soyez \u00e0 la recherche d\u2019un enregistrement d\u2019esp\u00e8ce pr\u00e9cis, que vous ayez besoin d\u2019un paysage sonore immersif pour un documentaire ou que vous souhaitiez discuter de cr\u00e9ation sonore, je suis \u00e0 votre \u00e9coute. Courriel wermenlingerl2@hotmail.com\" \/>\n<meta property=\"og:url\" content=\"https:\/\/wermenlinger.com\/fr\/contact\/\" \/>\n<meta property=\"og:site_name\" content=\"Laurent Wermenlinger\" \/>\n<meta property=\"article:modified_time\" content=\"2026-03-17T20:19:25+00:00\" \/>\n<meta property=\"og:image\" content=\"https:\/\/wermenlinger.com\/wp-content\/uploads\/2026\/02\/DSF1455.jpeg\" \/>\n\t<meta property=\"og:image:width\" content=\"2000\" \/>\n\t<meta property=\"og:image:height\" content=\"1333\" \/>\n\t<meta property=\"og:image:type\" content=\"image\/jpeg\" \/>\n<meta name=\"twitter:card\" content=\"summary_large_image\" \/>\n<meta name=\"twitter:label1\" content=\"Dur\u00e9e de lecture estim\u00e9e\" \/>\n\t<meta name=\"twitter:data1\" content=\"1 minute\" \/>\n<script type=\"application\/ld+json\" class=\"yoast-schema-graph\">{\"@context\":\"https:\\\/\\\/schema.org\",\"@graph\":[{\"@type\":\"WebPage\",\"@id\":\"https:\\\/\\\/wermenlinger.com\\\/fr\\\/contact\\\/\",\"url\":\"https:\\\/\\\/wermenlinger.com\\\/fr\\\/contact\\\/\",\"name\":\"Contact | Laurent Wermenlinger\",\"isPartOf\":{\"@id\":\"https:\\\/\\\/wermenlinger.com\\\/fr\\\/#website\"},\"datePublished\":\"2020-02-15T19:01:47+00:00\",\"dateModified\":\"2026-03-17T20:19:25+00:00\",\"breadcrumb\":{\"@id\":\"https:\\\/\\\/wermenlinger.com\\\/fr\\\/contact\\\/#breadcrumb\"},\"inLanguage\":\"fr-FR\",\"potentialAction\":[{\"@type\":\"ReadAction\",\"target\":[\"https:\\\/\\\/wermenlinger.com\\\/fr\\\/contact\\\/\"]}]},{\"@type\":\"BreadcrumbList\",\"@id\":\"https:\\\/\\\/wermenlinger.com\\\/fr\\\/contact\\\/#breadcrumb\",\"itemListElement\":[{\"@type\":\"ListItem\",\"position\":1,\"name\":\"Home\",\"item\":\"https:\\\/\\\/wermenlinger.com\\\/fr\\\/\"},{\"@type\":\"ListItem\",\"position\":2,\"name\":\"Contact\"}]},{\"@type\":\"WebSite\",\"@id\":\"https:\\\/\\\/wermenlinger.com\\\/fr\\\/#website\",\"url\":\"https:\\\/\\\/wermenlinger.com\\\/fr\\\/\",\"name\":\"Laurent Wermenlinger\",\"description\":\"Capturing the Breath of the Natural World\",\"publisher\":{\"@id\":\"https:\\\/\\\/wermenlinger.com\\\/fr\\\/#\\\/schema\\\/person\\\/a47dbc1b0000ebf01029107ca89a5feb\"},\"potentialAction\":[{\"@type\":\"SearchAction\",\"target\":{\"@type\":\"EntryPoint\",\"urlTemplate\":\"https:\\\/\\\/wermenlinger.com\\\/fr\\\/?s={search_term_string}\"},\"query-input\":{\"@type\":\"PropertyValueSpecification\",\"valueRequired\":true,\"valueName\":\"search_term_string\"}}],\"inLanguage\":\"fr-FR\"},{\"@type\":[\"Person\",\"Organization\"],\"@id\":\"https:\\\/\\\/wermenlinger.com\\\/fr\\\/#\\\/schema\\\/person\\\/a47dbc1b0000ebf01029107ca89a5feb\",\"name\":\"WERMENLINGERL2\",\"image\":{\"@type\":\"ImageObject\",\"inLanguage\":\"fr-FR\",\"@id\":\"https:\\\/\\\/wermenlinger.com\\\/wp-content\\\/uploads\\\/2026\\\/02\\\/logo-Laurent-Wermenlinger.svg\",\"url\":\"https:\\\/\\\/wermenlinger.com\\\/wp-content\\\/uploads\\\/2026\\\/02\\\/logo-Laurent-Wermenlinger.svg\",\"contentUrl\":\"https:\\\/\\\/wermenlinger.com\\\/wp-content\\\/uploads\\\/2026\\\/02\\\/logo-Laurent-Wermenlinger.svg\",\"width\":579,\"height\":53,\"caption\":\"WERMENLINGERL2\"},\"logo\":{\"@id\":\"https:\\\/\\\/wermenlinger.com\\\/wp-content\\\/uploads\\\/2026\\\/02\\\/logo-Laurent-Wermenlinger.svg\"}}]}<\/script>\n<!-- \/ Yoast SEO plugin. -->","yoast_head_json":{"title":"Contact | Laurent Wermenlinger","robots":{"index":"index","follow":"follow","max-snippet":"max-snippet:-1","max-image-preview":"max-image-preview:large","max-video-preview":"max-video-preview:-1"},"canonical":"https:\/\/wermenlinger.com\/fr\/contact\/","og_locale":"fr_FR","og_type":"article","og_title":"Contact | Laurent Wermenlinger","og_description":"Contact Que vous soyez \u00e0 la recherche d\u2019un enregistrement d\u2019esp\u00e8ce pr\u00e9cis, que vous ayez besoin d\u2019un paysage sonore immersif pour un documentaire ou que vous souhaitiez discuter de cr\u00e9ation sonore, je suis \u00e0 votre \u00e9coute. Courriel wermenlingerl2@hotmail.com","og_url":"https:\/\/wermenlinger.com\/fr\/contact\/","og_site_name":"Laurent Wermenlinger","article_modified_time":"2026-03-17T20:19:25+00:00","og_image":[{"width":2000,"height":1333,"url":"https:\/\/wermenlinger.com\/wp-content\/uploads\/2026\/02\/DSF1455.jpeg","type":"image\/jpeg"}],"twitter_card":"summary_large_image","twitter_misc":{"Dur\u00e9e de lecture estim\u00e9e":"1 minute"},"schema":{"@context":"https:\/\/schema.org","@graph":[{"@type":"WebPage","@id":"https:\/\/wermenlinger.com\/fr\/contact\/","url":"https:\/\/wermenlinger.com\/fr\/contact\/","name":"Contact | Laurent Wermenlinger","isPartOf":{"@id":"https:\/\/wermenlinger.com\/fr\/#website"},"datePublished":"2020-02-15T19:01:47+00:00","dateModified":"2026-03-17T20:19:25+00:00","breadcrumb":{"@id":"https:\/\/wermenlinger.com\/fr\/contact\/#breadcrumb"},"inLanguage":"fr-FR","potentialAction":[{"@type":"ReadAction","target":["https:\/\/wermenlinger.com\/fr\/contact\/"]}]},{"@type":"BreadcrumbList","@id":"https:\/\/wermenlinger.com\/fr\/contact\/#breadcrumb","itemListElement":[{"@type":"ListItem","position":1,"name":"Home","item":"https:\/\/wermenlinger.com\/fr\/"},{"@type":"ListItem","position":2,"name":"Contact"}]},{"@type":"WebSite","@id":"https:\/\/wermenlinger.com\/fr\/#website","url":"https:\/\/wermenlinger.com\/fr\/","name":"Laurent Wermenlinger","description":"Capturing the Breath of the Natural World","publisher":{"@id":"https:\/\/wermenlinger.com\/fr\/#\/schema\/person\/a47dbc1b0000ebf01029107ca89a5feb"},"potentialAction":[{"@type":"SearchAction","target":{"@type":"EntryPoint","urlTemplate":"https:\/\/wermenlinger.com\/fr\/?s={search_term_string}"},"query-input":{"@type":"PropertyValueSpecification","valueRequired":true,"valueName":"search_term_string"}}],"inLanguage":"fr-FR"},{"@type":["Person","Organization"],"@id":"https:\/\/wermenlinger.com\/fr\/#\/schema\/person\/a47dbc1b0000ebf01029107ca89a5feb","name":"WERMENLINGERL2","image":{"@type":"ImageObject","inLanguage":"fr-FR","@id":"https:\/\/wermenlinger.com\/wp-content\/uploads\/2026\/02\/logo-Laurent-Wermenlinger.svg","url":"https:\/\/wermenlinger.com\/wp-content\/uploads\/2026\/02\/logo-Laurent-Wermenlinger.svg","contentUrl":"https:\/\/wermenlinger.com\/wp-content\/uploads\/2026\/02\/logo-Laurent-Wermenlinger.svg","width":579,"height":53,"caption":"WERMENLINGERL2"},"logo":{"@id":"https:\/\/wermenlinger.com\/wp-content\/uploads\/2026\/02\/logo-Laurent-Wermenlinger.svg"}}]}},"_links":{"self":[{"href":"https:\/\/wermenlinger.com\/fr\/wp-json\/wp\/v2\/pages\/1908","targetHints":{"allow":["GET"]}}],"collection":[{"href":"https:\/\/wermenlinger.com\/fr\/wp-json\/wp\/v2\/pages"}],"about":[{"href":"https:\/\/wermenlinger.com\/fr\/wp-json\/wp\/v2\/types\/page"}],"author":[{"embeddable":true,"href":"https:\/\/wermenlinger.com\/fr\/wp-json\/wp\/v2\/users\/2"}],"replies":[{"embeddable":true,"href":"https:\/\/wermenlinger.com\/fr\/wp-json\/wp\/v2\/comments?post=1908"}],"version-history":[{"count":10,"href":"https:\/\/wermenlinger.com\/fr\/wp-json\/wp\/v2\/pages\/1908\/revisions"}],"predecessor-version":[{"id":2422,"href":"https:\/\/wermenlinger.com\/fr\/wp-json\/wp\/v2\/pages\/1908\/revisions\/2422"}],"wp:attachment":[{"href":"https:\/\/wermenlinger.com\/fr\/wp-json\/wp\/v2\/media?parent=1908"}],"curies":[{"name":"wp","href":"https:\/\/api.w.org\/{rel}","templated":true}]}}