{"id":2065,"date":"2026-02-16T23:00:20","date_gmt":"2026-02-16T23:00:20","guid":{"rendered":"https:\/\/wve.png.mybluehost.me\/website_71bd5955\/blogue\/"},"modified":"2026-03-14T15:23:15","modified_gmt":"2026-03-14T15:23:15","slug":"blogue","status":"publish","type":"page","link":"https:\/\/wermenlinger.com\/fr\/blogue\/","title":{"rendered":"Blogue"},"content":{"rendered":"\n<div class=\"gb-element-56a70727\">\n<h1 class=\"gb-text gb-text-7b6f6e3c\">Blogue<\/h1>\n\n\n\n<div class=\"gb-query-3d16a1fb\"><div class=\"gb-looper-dacf8e7a\">\n<div class=\"gb-loop-item gb-loop-item-baf1af8f post-2414 post type-post status-publish format-standard has-post-thumbnail hentry category-blogue\">\n<img loading=\"lazy\" decoding=\"async\" width=\"2500\" height=\"1667\" data-media-id=\"1909\" class=\"gb-media-eab036cd\" src=\"https:\/\/wermenlinger.com\/wp-content\/uploads\/2026\/02\/laurent-2.jpg\" alt=\"Fermer les yeux pour mieux entendre\" srcset=\"https:\/\/wermenlinger.com\/wp-content\/uploads\/2026\/02\/laurent-2.jpg 2500w, https:\/\/wermenlinger.com\/wp-content\/uploads\/2026\/02\/laurent-2-300x200.jpg 300w, https:\/\/wermenlinger.com\/wp-content\/uploads\/2026\/02\/laurent-2-1024x683.jpg 1024w, https:\/\/wermenlinger.com\/wp-content\/uploads\/2026\/02\/laurent-2-768x512.jpg 768w, https:\/\/wermenlinger.com\/wp-content\/uploads\/2026\/02\/laurent-2-1536x1024.jpg 1536w, https:\/\/wermenlinger.com\/wp-content\/uploads\/2026\/02\/laurent-2-2048x1366.jpg 2048w\" sizes=\"auto, (max-width: 2500px) 100vw, 2500px\" \/>\n\n\n\n<p class=\"gb-text gb-text-3002cba5\">12 mars, 2026<\/p>\n\n\n\n<h2 class=\"gb-text gb-text-e622a97e\"><a href=\"https:\/\/wermenlinger.com\/fr\/fermer-les-yeux-pour-mieux-entendre\/\">Fermer les yeux pour mieux entendre<\/a><\/h2>\n\n\n\n<p class=\"gb-text gb-text-1b4347f1\">Que se passe-t-il lorsque nous cessons de regarder pour enfin \u00e9couter r\u00e9ellement? \u00c0 la suite d&#8217;un mentorat avec Chris Watson en Islande, j&#8217;ai explor\u00e9 le pouvoir de pr\u00e9senter le son dans la p\u00e9nombre pour faire de l&#8217;imaginaire de l&#8217;auditeur un co-cr\u00e9ateur de l&#8217;exp\u00e9rience. En privil\u00e9giant la \u00ab vibration physique d&#8217;un lieu \u00bb plut\u00f4t que la photographie, on invite un engagement plus puissant et personnel avec l&#8217;environnement sonore.  <\/p>\n\n\n\n<p class=\"gb-text gb-text-61187809\"><a href=\"https:\/\/wermenlinger.com\/fr\/fermer-les-yeux-pour-mieux-entendre\/\">Lire la suite<\/a><\/p>\n<\/div>\n\n<div class=\"gb-loop-item gb-loop-item-baf1af8f post-2128 post type-post status-publish format-standard has-post-thumbnail hentry category-blogue\">\n<img loading=\"lazy\" decoding=\"async\" width=\"2560\" height=\"1920\" data-media-id=\"2320\" class=\"gb-media-eab036cd\" src=\"https:\/\/wermenlinger.com\/wp-content\/uploads\/2026\/02\/montagnes-scaled.jpeg\" alt=\"Du silence \u00e0 l\u2019art de l\u2019\u00e9coute profonde\" srcset=\"https:\/\/wermenlinger.com\/wp-content\/uploads\/2026\/02\/montagnes-scaled.jpeg 2560w, https:\/\/wermenlinger.com\/wp-content\/uploads\/2026\/02\/montagnes-300x225.jpeg 300w, https:\/\/wermenlinger.com\/wp-content\/uploads\/2026\/02\/montagnes-1024x768.jpeg 1024w, https:\/\/wermenlinger.com\/wp-content\/uploads\/2026\/02\/montagnes-768x576.jpeg 768w, https:\/\/wermenlinger.com\/wp-content\/uploads\/2026\/02\/montagnes-1536x1152.jpeg 1536w, https:\/\/wermenlinger.com\/wp-content\/uploads\/2026\/02\/montagnes-2048x1536.jpeg 2048w\" sizes=\"auto, (max-width: 2560px) 100vw, 2560px\" \/>\n\n\n\n<p class=\"gb-text gb-text-3002cba5\">16 f\u00e9vrier, 2026<\/p>\n\n\n\n<h2 class=\"gb-text gb-text-e622a97e\"><a href=\"https:\/\/wermenlinger.com\/fr\/silence-a-ecoute-profonde\/\">Du silence \u00e0 l&#8217;art de l&#8217;\u00e9coute profonde<\/a><\/h2>\n\n\n\n<p class=\"gb-text gb-text-1b4347f1\">Un voyage du silence vers \u00ab l&#8217;\u00e9coute profonde \u00bb. Apr\u00e8s avoir nourri une passion pour le son pendant vingt ans, je suis pass\u00e9 d&#8217;une vision du monde en noir et blanc \u00e0 une audition en pleine couleur. D\u00e9couvrez comment l&#8217;\u00e9coute active a transform\u00e9 ma perception du monde, une fr\u00e9quence \u00e0 la fois.  <\/p>\n\n\n\n<p class=\"gb-text gb-text-61187809\"><a href=\"https:\/\/wermenlinger.com\/fr\/silence-a-ecoute-profonde\/\">Lire la suite<\/a><\/p>\n<\/div>\n<\/div>\n\n\n<div class=\"gb-element-bc79b6cf gb-query-loop-pagination\">\n\n\n\n<\/div>\n\n\n<\/div>\n<\/div>\n","protected":false},"excerpt":{"rendered":"<p>Blogue<\/p>\n","protected":false},"author":2,"featured_media":0,"parent":0,"menu_order":0,"comment_status":"closed","ping_status":"closed","template":"","meta":{"nf_dc_page":"","footnotes":""},"class_list":["post-2065","page","type-page","status-publish"],"yoast_head":"<!-- This site is optimized with the Yoast SEO plugin v27.4 - https:\/\/yoast.com\/product\/yoast-seo-wordpress\/ -->\n<title>Blogue | Laurent Wermenlinger<\/title>\n<meta name=\"robots\" content=\"index, follow, max-snippet:-1, max-image-preview:large, max-video-preview:-1\" \/>\n<link rel=\"canonical\" href=\"https:\/\/wermenlinger.com\/fr\/blogue\/\" \/>\n<meta property=\"og:locale\" content=\"fr_FR\" \/>\n<meta property=\"og:type\" content=\"article\" \/>\n<meta property=\"og:title\" content=\"Blogue | Laurent Wermenlinger\" \/>\n<meta property=\"og:description\" content=\"Blogue\" \/>\n<meta property=\"og:url\" content=\"https:\/\/wermenlinger.com\/fr\/blogue\/\" \/>\n<meta property=\"og:site_name\" content=\"Laurent Wermenlinger\" \/>\n<meta property=\"article:modified_time\" content=\"2026-03-14T15:23:15+00:00\" \/>\n<meta property=\"og:image\" content=\"https:\/\/wermenlinger.com\/wp-content\/uploads\/2026\/02\/DSF1455.jpeg\" \/>\n\t<meta property=\"og:image:width\" content=\"2000\" \/>\n\t<meta property=\"og:image:height\" content=\"1333\" \/>\n\t<meta property=\"og:image:type\" content=\"image\/jpeg\" \/>\n<meta name=\"twitter:card\" content=\"summary_large_image\" \/>\n<meta name=\"twitter:label1\" content=\"Dur\u00e9e de lecture estim\u00e9e\" \/>\n\t<meta name=\"twitter:data1\" content=\"1 minute\" \/>\n<script type=\"application\/ld+json\" class=\"yoast-schema-graph\">{\"@context\":\"https:\\\/\\\/schema.org\",\"@graph\":[{\"@type\":\"WebPage\",\"@id\":\"https:\\\/\\\/wermenlinger.com\\\/fr\\\/blogue\\\/\",\"url\":\"https:\\\/\\\/wermenlinger.com\\\/fr\\\/blogue\\\/\",\"name\":\"Blogue | Laurent Wermenlinger\",\"isPartOf\":{\"@id\":\"https:\\\/\\\/wermenlinger.com\\\/fr\\\/#website\"},\"datePublished\":\"2026-02-16T23:00:20+00:00\",\"dateModified\":\"2026-03-14T15:23:15+00:00\",\"breadcrumb\":{\"@id\":\"https:\\\/\\\/wermenlinger.com\\\/fr\\\/blogue\\\/#breadcrumb\"},\"inLanguage\":\"fr-FR\",\"potentialAction\":[{\"@type\":\"ReadAction\",\"target\":[\"https:\\\/\\\/wermenlinger.com\\\/fr\\\/blogue\\\/\"]}]},{\"@type\":\"BreadcrumbList\",\"@id\":\"https:\\\/\\\/wermenlinger.com\\\/fr\\\/blogue\\\/#breadcrumb\",\"itemListElement\":[{\"@type\":\"ListItem\",\"position\":1,\"name\":\"Home\",\"item\":\"https:\\\/\\\/wermenlinger.com\\\/fr\\\/\"},{\"@type\":\"ListItem\",\"position\":2,\"name\":\"Blogue\"}]},{\"@type\":\"WebSite\",\"@id\":\"https:\\\/\\\/wermenlinger.com\\\/fr\\\/#website\",\"url\":\"https:\\\/\\\/wermenlinger.com\\\/fr\\\/\",\"name\":\"Laurent Wermenlinger\",\"description\":\"Capturing the Breath of the Natural World\",\"publisher\":{\"@id\":\"https:\\\/\\\/wermenlinger.com\\\/fr\\\/#\\\/schema\\\/person\\\/a47dbc1b0000ebf01029107ca89a5feb\"},\"potentialAction\":[{\"@type\":\"SearchAction\",\"target\":{\"@type\":\"EntryPoint\",\"urlTemplate\":\"https:\\\/\\\/wermenlinger.com\\\/fr\\\/?s={search_term_string}\"},\"query-input\":{\"@type\":\"PropertyValueSpecification\",\"valueRequired\":true,\"valueName\":\"search_term_string\"}}],\"inLanguage\":\"fr-FR\"},{\"@type\":[\"Person\",\"Organization\"],\"@id\":\"https:\\\/\\\/wermenlinger.com\\\/fr\\\/#\\\/schema\\\/person\\\/a47dbc1b0000ebf01029107ca89a5feb\",\"name\":\"WERMENLINGERL2\",\"image\":{\"@type\":\"ImageObject\",\"inLanguage\":\"fr-FR\",\"@id\":\"https:\\\/\\\/wermenlinger.com\\\/wp-content\\\/uploads\\\/2026\\\/02\\\/logo-Laurent-Wermenlinger.svg\",\"url\":\"https:\\\/\\\/wermenlinger.com\\\/wp-content\\\/uploads\\\/2026\\\/02\\\/logo-Laurent-Wermenlinger.svg\",\"contentUrl\":\"https:\\\/\\\/wermenlinger.com\\\/wp-content\\\/uploads\\\/2026\\\/02\\\/logo-Laurent-Wermenlinger.svg\",\"width\":579,\"height\":53,\"caption\":\"WERMENLINGERL2\"},\"logo\":{\"@id\":\"https:\\\/\\\/wermenlinger.com\\\/wp-content\\\/uploads\\\/2026\\\/02\\\/logo-Laurent-Wermenlinger.svg\"}}]}<\/script>\n<!-- \/ Yoast SEO plugin. -->","yoast_head_json":{"title":"Blogue | Laurent Wermenlinger","robots":{"index":"index","follow":"follow","max-snippet":"max-snippet:-1","max-image-preview":"max-image-preview:large","max-video-preview":"max-video-preview:-1"},"canonical":"https:\/\/wermenlinger.com\/fr\/blogue\/","og_locale":"fr_FR","og_type":"article","og_title":"Blogue | Laurent Wermenlinger","og_description":"Blogue","og_url":"https:\/\/wermenlinger.com\/fr\/blogue\/","og_site_name":"Laurent Wermenlinger","article_modified_time":"2026-03-14T15:23:15+00:00","og_image":[{"width":2000,"height":1333,"url":"https:\/\/wermenlinger.com\/wp-content\/uploads\/2026\/02\/DSF1455.jpeg","type":"image\/jpeg"}],"twitter_card":"summary_large_image","twitter_misc":{"Dur\u00e9e de lecture estim\u00e9e":"1 minute"},"schema":{"@context":"https:\/\/schema.org","@graph":[{"@type":"WebPage","@id":"https:\/\/wermenlinger.com\/fr\/blogue\/","url":"https:\/\/wermenlinger.com\/fr\/blogue\/","name":"Blogue | Laurent Wermenlinger","isPartOf":{"@id":"https:\/\/wermenlinger.com\/fr\/#website"},"datePublished":"2026-02-16T23:00:20+00:00","dateModified":"2026-03-14T15:23:15+00:00","breadcrumb":{"@id":"https:\/\/wermenlinger.com\/fr\/blogue\/#breadcrumb"},"inLanguage":"fr-FR","potentialAction":[{"@type":"ReadAction","target":["https:\/\/wermenlinger.com\/fr\/blogue\/"]}]},{"@type":"BreadcrumbList","@id":"https:\/\/wermenlinger.com\/fr\/blogue\/#breadcrumb","itemListElement":[{"@type":"ListItem","position":1,"name":"Home","item":"https:\/\/wermenlinger.com\/fr\/"},{"@type":"ListItem","position":2,"name":"Blogue"}]},{"@type":"WebSite","@id":"https:\/\/wermenlinger.com\/fr\/#website","url":"https:\/\/wermenlinger.com\/fr\/","name":"Laurent Wermenlinger","description":"Capturing the Breath of the Natural World","publisher":{"@id":"https:\/\/wermenlinger.com\/fr\/#\/schema\/person\/a47dbc1b0000ebf01029107ca89a5feb"},"potentialAction":[{"@type":"SearchAction","target":{"@type":"EntryPoint","urlTemplate":"https:\/\/wermenlinger.com\/fr\/?s={search_term_string}"},"query-input":{"@type":"PropertyValueSpecification","valueRequired":true,"valueName":"search_term_string"}}],"inLanguage":"fr-FR"},{"@type":["Person","Organization"],"@id":"https:\/\/wermenlinger.com\/fr\/#\/schema\/person\/a47dbc1b0000ebf01029107ca89a5feb","name":"WERMENLINGERL2","image":{"@type":"ImageObject","inLanguage":"fr-FR","@id":"https:\/\/wermenlinger.com\/wp-content\/uploads\/2026\/02\/logo-Laurent-Wermenlinger.svg","url":"https:\/\/wermenlinger.com\/wp-content\/uploads\/2026\/02\/logo-Laurent-Wermenlinger.svg","contentUrl":"https:\/\/wermenlinger.com\/wp-content\/uploads\/2026\/02\/logo-Laurent-Wermenlinger.svg","width":579,"height":53,"caption":"WERMENLINGERL2"},"logo":{"@id":"https:\/\/wermenlinger.com\/wp-content\/uploads\/2026\/02\/logo-Laurent-Wermenlinger.svg"}}]}},"_links":{"self":[{"href":"https:\/\/wermenlinger.com\/fr\/wp-json\/wp\/v2\/pages\/2065","targetHints":{"allow":["GET"]}}],"collection":[{"href":"https:\/\/wermenlinger.com\/fr\/wp-json\/wp\/v2\/pages"}],"about":[{"href":"https:\/\/wermenlinger.com\/fr\/wp-json\/wp\/v2\/types\/page"}],"author":[{"embeddable":true,"href":"https:\/\/wermenlinger.com\/fr\/wp-json\/wp\/v2\/users\/2"}],"replies":[{"embeddable":true,"href":"https:\/\/wermenlinger.com\/fr\/wp-json\/wp\/v2\/comments?post=2065"}],"version-history":[{"count":11,"href":"https:\/\/wermenlinger.com\/fr\/wp-json\/wp\/v2\/pages\/2065\/revisions"}],"predecessor-version":[{"id":2344,"href":"https:\/\/wermenlinger.com\/fr\/wp-json\/wp\/v2\/pages\/2065\/revisions\/2344"}],"wp:attachment":[{"href":"https:\/\/wermenlinger.com\/fr\/wp-json\/wp\/v2\/media?parent=2065"}],"curies":[{"name":"wp","href":"https:\/\/api.w.org\/{rel}","templated":true}]}}