{"id":2302,"date":"2026-03-14T01:34:38","date_gmt":"2026-03-14T01:34:38","guid":{"rendered":"https:\/\/wve.png.mybluehost.me\/website_71bd5955\/archive-sonore\/"},"modified":"2026-03-14T15:04:00","modified_gmt":"2026-03-14T15:04:00","slug":"archive-sonore","status":"publish","type":"page","link":"https:\/\/wermenlinger.com\/fr\/archive-sonore\/","title":{"rendered":"Archive sonore"},"content":{"rendered":"\n<div class=\"gb-element-7aa78277\">\n<h1 class=\"gb-text gb-text-53b292e5\">Archive sonore<\/h1>\n\n\n\n<p class=\"gb-text\"><br>Au cours des deux derni\u00e8res d\u00e9cennies, j\u2019ai constitu\u00e9 une archive personnelle exhaustive d\u2019enregistrements sonores capt\u00e9s dans de nombreux pays et sur plusieurs continents. Ce qui a commenc\u00e9 comme une pratique professionnelle de documentation syst\u00e9matique, men\u00e9e par un travail de terrain approfondi dans diverses r\u00e9gions du monde, est devenu une collection substantielle de plusieurs milliers d\u2019enregistrements. L\u2019archive t\u00e9moigne d\u2019un engagement soutenu envers les environnements sonores de cultures, de climats et d\u2019\u00e9cosyst\u00e8mes vari\u00e9s, englobant un large \u00e9ventail d\u2019univers acoustiques : des paysages sonores urbains denses aux paysages naturels recul\u00e9s, en passant par les milieux sauvages et la riche diversit\u00e9 acoustique de la faune et de la flore.  <\/p>\n\n\n\n<p class=\"gb-text\">La collection comprend des enregistrements r\u00e9alis\u00e9s dans divers formats haute fid\u00e9lit\u00e9, notamment des fichiers WAV et des enregistrements ambisoniques qui captent tout le caract\u00e8re tridimensionnel d\u2019un environnement sonore. Ces formats constituent un atout particuli\u00e8rement pr\u00e9cieux pour les applications audio immersives, le design sonore spatial et la recherche.<\/p>\n\n\n\n<div class=\"gb-element-5860f982\">\n<img loading=\"lazy\" decoding=\"async\" width=\"2500\" height=\"1667\" class=\"gb-media-87b31a70\" alt=\"\" title=\"laurent-computer\" src=\"https:\/\/wve.png.mybluehost.me\/website_71bd5955\/wp-content\/uploads\/2026\/03\/laurent-computer.jpeg\" srcset=\"https:\/\/wermenlinger.com\/wp-content\/uploads\/2026\/03\/laurent-computer.jpeg 2500w, https:\/\/wermenlinger.com\/wp-content\/uploads\/2026\/03\/laurent-computer-300x200.jpeg 300w, https:\/\/wermenlinger.com\/wp-content\/uploads\/2026\/03\/laurent-computer-1024x683.jpeg 1024w, https:\/\/wermenlinger.com\/wp-content\/uploads\/2026\/03\/laurent-computer-768x512.jpeg 768w, https:\/\/wermenlinger.com\/wp-content\/uploads\/2026\/03\/laurent-computer-1536x1024.jpeg 1536w, https:\/\/wermenlinger.com\/wp-content\/uploads\/2026\/03\/laurent-computer-2048x1366.jpeg 2048w\" sizes=\"auto, (max-width: 2500px) 100vw, 2500px\" \/>\n<\/div>\n\n\n\n<p class=\"gb-text\">Afin de garantir que cette archive ne soit pas qu\u2019un simple r\u00e9pertoire personnel mais une ressource r\u00e9ellement utile, l\u2019ensemble de la collection a \u00e9t\u00e9 catalogu\u00e9 et organis\u00e9 selon le Universal Category System (UCS) \u2014 un protocole de m\u00e9tadonn\u00e9es standard de l\u2019industrie largement adopt\u00e9 par la communaut\u00e9 professionnelle du son. Le cadre UCS permet une recherche et une extraction pr\u00e9cises, coh\u00e9rentes et intuitives, permettant aux cin\u00e9astes, compositeurs, concepteurs sonores et chercheurs de localiser exactement ce dont ils ont besoin en fonction de la cat\u00e9gorie, de la sous-cat\u00e9gorie, du type de contenu et de divers param\u00e8tres descriptifs. Qu\u2019il s\u2019agisse de rechercher la texture ambiante d\u2019un environnement urbain sp\u00e9cifique, le cri d\u2019une esp\u00e8ce particuli\u00e8re ou la qualit\u00e9 atmosph\u00e9rique d\u2019un milieu naturel enregistr\u00e9 dans une r\u00e9gion pr\u00e9cise du monde, la base de donn\u00e9es est structur\u00e9e pour r\u00e9pondre efficacement et pr\u00e9cis\u00e9ment \u00e0 ces besoins.  <\/p>\n\n\n\n<p class=\"gb-text\">Cette archive n&#8217;est pas pr\u00e9sent\u00e9e ici comme une offre commerciale, mais comme une ressource dont l&#8217;existence peut int\u00e9resser les professionnels et les chercheurs travaillant dans les domaines du cin\u00e9ma, de la musique, de l&#8217;art sonore et de l&#8217;\u00e9tude acad\u00e9mique des environnements acoustiques. Elle refl\u00e8te un engagement de longue date envers la documentation minutieuse et rigoureuse de la diversit\u00e9 sonore du monde, une diversit\u00e9 qui, comme une grande partie de notre patrimoine naturel et culturel, est \u00e0 la fois irrempla\u00e7able et de plus en plus fragile. <\/p>\n\n\n\n<p class=\"gb-text\">Pour toute demande concernant l\u2019archive, n\u2019h\u00e9sitez pas \u00e0 me contacter.<\/p>\n\n\n\n<div class=\"wp-block-buttons is-layout-flex wp-block-buttons-is-layout-flex\">\n<div class=\"wp-block-button\"><a class=\"wp-block-button__link wp-element-button\" href=\"https:\/\/wve.png.mybluehost.me\/website_71bd5955\/fr\/contact\/\">Contactez-moi<\/a><\/div>\n<\/div>\n<\/div>\n","protected":false},"excerpt":{"rendered":"<p>Archive sonore Au cours des deux derni\u00e8res d\u00e9cennies, j\u2019ai constitu\u00e9 une archive personnelle exhaustive d\u2019enregistrements sonores capt\u00e9s dans de nombreux pays et sur plusieurs continents. Ce qui a commenc\u00e9 comme une pratique professionnelle de documentation syst\u00e9matique, men\u00e9e par un travail de terrain approfondi dans diverses r\u00e9gions du monde, est devenu une collection substantielle de plusieurs<\/p>\n","protected":false},"author":2,"featured_media":0,"parent":0,"menu_order":0,"comment_status":"closed","ping_status":"closed","template":"","meta":{"nf_dc_page":"","footnotes":""},"class_list":["post-2302","page","type-page","status-publish"],"yoast_head":"<!-- This site is optimized with the Yoast SEO plugin v27.4 - https:\/\/yoast.com\/product\/yoast-seo-wordpress\/ -->\n<title>Archive sonore | Laurent Wermenlinger<\/title>\n<meta name=\"robots\" content=\"index, follow, max-snippet:-1, max-image-preview:large, max-video-preview:-1\" \/>\n<link rel=\"canonical\" href=\"https:\/\/wermenlinger.com\/fr\/archive-sonore\/\" \/>\n<meta property=\"og:locale\" content=\"fr_FR\" \/>\n<meta property=\"og:type\" content=\"article\" \/>\n<meta property=\"og:title\" content=\"Archive sonore | Laurent Wermenlinger\" \/>\n<meta property=\"og:description\" content=\"Archive sonore Au cours des deux derni\u00e8res d\u00e9cennies, j\u2019ai constitu\u00e9 une archive personnelle exhaustive d\u2019enregistrements sonores capt\u00e9s dans de nombreux pays et sur plusieurs continents. Ce qui a commenc\u00e9 comme une pratique professionnelle de documentation syst\u00e9matique, men\u00e9e par un travail de terrain approfondi dans diverses r\u00e9gions du monde, est devenu une collection substantielle de plusieurs\" \/>\n<meta property=\"og:url\" content=\"https:\/\/wermenlinger.com\/fr\/archive-sonore\/\" \/>\n<meta property=\"og:site_name\" content=\"Laurent Wermenlinger\" \/>\n<meta property=\"article:modified_time\" content=\"2026-03-14T15:04:00+00:00\" \/>\n<meta property=\"og:image\" content=\"https:\/\/wve.png.mybluehost.me\/website_71bd5955\/wp-content\/uploads\/2026\/03\/laurent-computer.jpeg\" \/>\n<meta name=\"twitter:card\" content=\"summary_large_image\" \/>\n<meta name=\"twitter:label1\" content=\"Dur\u00e9e de lecture estim\u00e9e\" \/>\n\t<meta name=\"twitter:data1\" content=\"2 minutes\" \/>\n<script type=\"application\/ld+json\" class=\"yoast-schema-graph\">{\"@context\":\"https:\\\/\\\/schema.org\",\"@graph\":[{\"@type\":\"WebPage\",\"@id\":\"https:\\\/\\\/wermenlinger.com\\\/fr\\\/archive-sonore\\\/\",\"url\":\"https:\\\/\\\/wermenlinger.com\\\/fr\\\/archive-sonore\\\/\",\"name\":\"Archive sonore | Laurent Wermenlinger\",\"isPartOf\":{\"@id\":\"https:\\\/\\\/wermenlinger.com\\\/fr\\\/#website\"},\"primaryImageOfPage\":{\"@id\":\"https:\\\/\\\/wermenlinger.com\\\/fr\\\/archive-sonore\\\/#primaryimage\"},\"image\":{\"@id\":\"https:\\\/\\\/wermenlinger.com\\\/fr\\\/archive-sonore\\\/#primaryimage\"},\"thumbnailUrl\":\"https:\\\/\\\/wve.png.mybluehost.me\\\/website_71bd5955\\\/wp-content\\\/uploads\\\/2026\\\/03\\\/laurent-computer.jpeg\",\"datePublished\":\"2026-03-14T01:34:38+00:00\",\"dateModified\":\"2026-03-14T15:04:00+00:00\",\"breadcrumb\":{\"@id\":\"https:\\\/\\\/wermenlinger.com\\\/fr\\\/archive-sonore\\\/#breadcrumb\"},\"inLanguage\":\"fr-FR\",\"potentialAction\":[{\"@type\":\"ReadAction\",\"target\":[\"https:\\\/\\\/wermenlinger.com\\\/fr\\\/archive-sonore\\\/\"]}]},{\"@type\":\"ImageObject\",\"inLanguage\":\"fr-FR\",\"@id\":\"https:\\\/\\\/wermenlinger.com\\\/fr\\\/archive-sonore\\\/#primaryimage\",\"url\":\"https:\\\/\\\/wve.png.mybluehost.me\\\/website_71bd5955\\\/wp-content\\\/uploads\\\/2026\\\/03\\\/laurent-computer.jpeg\",\"contentUrl\":\"https:\\\/\\\/wve.png.mybluehost.me\\\/website_71bd5955\\\/wp-content\\\/uploads\\\/2026\\\/03\\\/laurent-computer.jpeg\"},{\"@type\":\"BreadcrumbList\",\"@id\":\"https:\\\/\\\/wermenlinger.com\\\/fr\\\/archive-sonore\\\/#breadcrumb\",\"itemListElement\":[{\"@type\":\"ListItem\",\"position\":1,\"name\":\"Home\",\"item\":\"https:\\\/\\\/wermenlinger.com\\\/fr\\\/\"},{\"@type\":\"ListItem\",\"position\":2,\"name\":\"Archive sonore\"}]},{\"@type\":\"WebSite\",\"@id\":\"https:\\\/\\\/wermenlinger.com\\\/fr\\\/#website\",\"url\":\"https:\\\/\\\/wermenlinger.com\\\/fr\\\/\",\"name\":\"Laurent Wermenlinger\",\"description\":\"Capturing the Breath of the Natural World\",\"publisher\":{\"@id\":\"https:\\\/\\\/wermenlinger.com\\\/fr\\\/#\\\/schema\\\/person\\\/a47dbc1b0000ebf01029107ca89a5feb\"},\"potentialAction\":[{\"@type\":\"SearchAction\",\"target\":{\"@type\":\"EntryPoint\",\"urlTemplate\":\"https:\\\/\\\/wermenlinger.com\\\/fr\\\/?s={search_term_string}\"},\"query-input\":{\"@type\":\"PropertyValueSpecification\",\"valueRequired\":true,\"valueName\":\"search_term_string\"}}],\"inLanguage\":\"fr-FR\"},{\"@type\":[\"Person\",\"Organization\"],\"@id\":\"https:\\\/\\\/wermenlinger.com\\\/fr\\\/#\\\/schema\\\/person\\\/a47dbc1b0000ebf01029107ca89a5feb\",\"name\":\"WERMENLINGERL2\",\"image\":{\"@type\":\"ImageObject\",\"inLanguage\":\"fr-FR\",\"@id\":\"https:\\\/\\\/wermenlinger.com\\\/wp-content\\\/uploads\\\/2026\\\/02\\\/logo-Laurent-Wermenlinger.svg\",\"url\":\"https:\\\/\\\/wermenlinger.com\\\/wp-content\\\/uploads\\\/2026\\\/02\\\/logo-Laurent-Wermenlinger.svg\",\"contentUrl\":\"https:\\\/\\\/wermenlinger.com\\\/wp-content\\\/uploads\\\/2026\\\/02\\\/logo-Laurent-Wermenlinger.svg\",\"width\":579,\"height\":53,\"caption\":\"WERMENLINGERL2\"},\"logo\":{\"@id\":\"https:\\\/\\\/wermenlinger.com\\\/wp-content\\\/uploads\\\/2026\\\/02\\\/logo-Laurent-Wermenlinger.svg\"}}]}<\/script>\n<!-- \/ Yoast SEO plugin. -->","yoast_head_json":{"title":"Archive sonore | Laurent Wermenlinger","robots":{"index":"index","follow":"follow","max-snippet":"max-snippet:-1","max-image-preview":"max-image-preview:large","max-video-preview":"max-video-preview:-1"},"canonical":"https:\/\/wermenlinger.com\/fr\/archive-sonore\/","og_locale":"fr_FR","og_type":"article","og_title":"Archive sonore | Laurent Wermenlinger","og_description":"Archive sonore Au cours des deux derni\u00e8res d\u00e9cennies, j\u2019ai constitu\u00e9 une archive personnelle exhaustive d\u2019enregistrements sonores capt\u00e9s dans de nombreux pays et sur plusieurs continents. Ce qui a commenc\u00e9 comme une pratique professionnelle de documentation syst\u00e9matique, men\u00e9e par un travail de terrain approfondi dans diverses r\u00e9gions du monde, est devenu une collection substantielle de plusieurs","og_url":"https:\/\/wermenlinger.com\/fr\/archive-sonore\/","og_site_name":"Laurent Wermenlinger","article_modified_time":"2026-03-14T15:04:00+00:00","og_image":[{"url":"https:\/\/wve.png.mybluehost.me\/website_71bd5955\/wp-content\/uploads\/2026\/03\/laurent-computer.jpeg","type":"","width":"","height":""}],"twitter_card":"summary_large_image","twitter_misc":{"Dur\u00e9e de lecture estim\u00e9e":"2 minutes"},"schema":{"@context":"https:\/\/schema.org","@graph":[{"@type":"WebPage","@id":"https:\/\/wermenlinger.com\/fr\/archive-sonore\/","url":"https:\/\/wermenlinger.com\/fr\/archive-sonore\/","name":"Archive sonore | Laurent Wermenlinger","isPartOf":{"@id":"https:\/\/wermenlinger.com\/fr\/#website"},"primaryImageOfPage":{"@id":"https:\/\/wermenlinger.com\/fr\/archive-sonore\/#primaryimage"},"image":{"@id":"https:\/\/wermenlinger.com\/fr\/archive-sonore\/#primaryimage"},"thumbnailUrl":"https:\/\/wve.png.mybluehost.me\/website_71bd5955\/wp-content\/uploads\/2026\/03\/laurent-computer.jpeg","datePublished":"2026-03-14T01:34:38+00:00","dateModified":"2026-03-14T15:04:00+00:00","breadcrumb":{"@id":"https:\/\/wermenlinger.com\/fr\/archive-sonore\/#breadcrumb"},"inLanguage":"fr-FR","potentialAction":[{"@type":"ReadAction","target":["https:\/\/wermenlinger.com\/fr\/archive-sonore\/"]}]},{"@type":"ImageObject","inLanguage":"fr-FR","@id":"https:\/\/wermenlinger.com\/fr\/archive-sonore\/#primaryimage","url":"https:\/\/wve.png.mybluehost.me\/website_71bd5955\/wp-content\/uploads\/2026\/03\/laurent-computer.jpeg","contentUrl":"https:\/\/wve.png.mybluehost.me\/website_71bd5955\/wp-content\/uploads\/2026\/03\/laurent-computer.jpeg"},{"@type":"BreadcrumbList","@id":"https:\/\/wermenlinger.com\/fr\/archive-sonore\/#breadcrumb","itemListElement":[{"@type":"ListItem","position":1,"name":"Home","item":"https:\/\/wermenlinger.com\/fr\/"},{"@type":"ListItem","position":2,"name":"Archive sonore"}]},{"@type":"WebSite","@id":"https:\/\/wermenlinger.com\/fr\/#website","url":"https:\/\/wermenlinger.com\/fr\/","name":"Laurent Wermenlinger","description":"Capturing the Breath of the Natural World","publisher":{"@id":"https:\/\/wermenlinger.com\/fr\/#\/schema\/person\/a47dbc1b0000ebf01029107ca89a5feb"},"potentialAction":[{"@type":"SearchAction","target":{"@type":"EntryPoint","urlTemplate":"https:\/\/wermenlinger.com\/fr\/?s={search_term_string}"},"query-input":{"@type":"PropertyValueSpecification","valueRequired":true,"valueName":"search_term_string"}}],"inLanguage":"fr-FR"},{"@type":["Person","Organization"],"@id":"https:\/\/wermenlinger.com\/fr\/#\/schema\/person\/a47dbc1b0000ebf01029107ca89a5feb","name":"WERMENLINGERL2","image":{"@type":"ImageObject","inLanguage":"fr-FR","@id":"https:\/\/wermenlinger.com\/wp-content\/uploads\/2026\/02\/logo-Laurent-Wermenlinger.svg","url":"https:\/\/wermenlinger.com\/wp-content\/uploads\/2026\/02\/logo-Laurent-Wermenlinger.svg","contentUrl":"https:\/\/wermenlinger.com\/wp-content\/uploads\/2026\/02\/logo-Laurent-Wermenlinger.svg","width":579,"height":53,"caption":"WERMENLINGERL2"},"logo":{"@id":"https:\/\/wermenlinger.com\/wp-content\/uploads\/2026\/02\/logo-Laurent-Wermenlinger.svg"}}]}},"_links":{"self":[{"href":"https:\/\/wermenlinger.com\/fr\/wp-json\/wp\/v2\/pages\/2302","targetHints":{"allow":["GET"]}}],"collection":[{"href":"https:\/\/wermenlinger.com\/fr\/wp-json\/wp\/v2\/pages"}],"about":[{"href":"https:\/\/wermenlinger.com\/fr\/wp-json\/wp\/v2\/types\/page"}],"author":[{"embeddable":true,"href":"https:\/\/wermenlinger.com\/fr\/wp-json\/wp\/v2\/users\/2"}],"replies":[{"embeddable":true,"href":"https:\/\/wermenlinger.com\/fr\/wp-json\/wp\/v2\/comments?post=2302"}],"version-history":[{"count":4,"href":"https:\/\/wermenlinger.com\/fr\/wp-json\/wp\/v2\/pages\/2302\/revisions"}],"predecessor-version":[{"id":2327,"href":"https:\/\/wermenlinger.com\/fr\/wp-json\/wp\/v2\/pages\/2302\/revisions\/2327"}],"wp:attachment":[{"href":"https:\/\/wermenlinger.com\/fr\/wp-json\/wp\/v2\/media?parent=2302"}],"curies":[{"name":"wp","href":"https:\/\/api.w.org\/{rel}","templated":true}]}}